{"id":1023,"date":"2024-02-15T11:35:02","date_gmt":"2024-02-15T10:35:02","guid":{"rendered":"https:\/\/ampere2025.fr\/?page_id=1023"},"modified":"2025-01-17T16:43:43","modified_gmt":"2025-01-17T15:43:43","slug":"concours","status":"publish","type":"page","link":"https:\/\/ampere2025.fr\/en\/activities\/concours\/","title":{"rendered":"Contest"},"content":{"rendered":"\n<h1 class=\"wp-block-heading\">INTERNATIONAL contest<\/h1>\n\n\n\n<div class=\"wp-block-buttons has-custom-font-size has-x-large-font-size is-content-justification-center is-layout-flex wp-container-core-buttons-is-layout-f5b6105e wp-block-buttons-is-layout-flex\" style=\"font-style:italic;font-weight:800;line-height:1.5\">\n<div class=\"wp-block-button has-custom-font-size is-style-outline has-x-large-font-size is-style-outline--1\" style=\"font-style:normal;font-weight:800\"><a class=\"wp-block-button__link wp-element-button\" href=\"https:\/\/www.concours2025.ampere2025.fr\/public\/index.php\/en\/page,4\" style=\"border-width:3px\" target=\"_blank\" rel=\"noreferrer noopener\"><strong>To register for the contest<\/strong><br><strong>clic here<\/strong><\/a><\/div>\n<\/div>\n\n\n\n<div class=\"wp-block-uagb-container uagb-block-0857a027 alignwide uagb-is-root-container\">\n<div class=\"wp-block-uagb-container uagb-block-e8698532\">\n<div class=\"wp-block-group is-layout-constrained wp-block-group-is-layout-constrained\">\n<p>The competition commemorates the 250<sup>th<\/sup> anniversary of Andr\u00e9-Marie-Amp\u00e8re&#8217;s birth in 2025, with three Nobel prize of physics laureates as patrons : Anne L&#8217;Huillier (2023), Alain Aspect (2022) and G\u00e9rard Mourou (2018).<\/p>\n\n\n\n<div class=\"wp-block-uagb-advanced-heading uagb-block-40795560\"><h2 class=\"uagb-heading-text\"><strong>Who can take part ?<\/strong><\/h2><\/div>\n\n\n\n<p style=\"margin-top:0;margin-right:0;margin-bottom:0;margin-left:0;padding-top:0;padding-right:0;padding-bottom:0;padding-left:0\">International competition open to all pupils and students worldwide aged between 5 and 22 in the year 2025.<\/p>\n\n\n\n<p>Young people aged 18-22 can register individually or as a group. Supervision is not required in that case.<\/p>\n\n\n\n<div class=\"wp-block-uagb-advanced-heading uagb-block-7029d375\"><h2 class=\"uagb-heading-text\">What&#8217;s the aim ?<\/h2><\/div>\n\n\n\n<p>The aim of the competition is to encourage reflection on the role of electricity in the past, present and future of our world. This can be done through questions, experimental demonstrations, projects, etc.<\/p>\n\n\n\n<div class=\"wp-block-uagb-advanced-heading uagb-block-c0dfb223\"><h2 class=\"uagb-heading-text\">What productions are expected ?<\/h2><\/div>\n\n\n\n<p>The competition consists of a production that deals with electricity in all its aspects.<\/p>\n\n\n\n<p>The production can take many different forms, from a simple drawing, poster, vido to a play or an electricity experiment. The historical or human aspect can be the thread running through the production.<\/p>\n<\/div>\n<\/div>\n\n\n\n<div class=\"wp-block-uagb-container uagb-block-c49f556d\">\n<div class=\"wp-block-uagb-image alignright uagb-block-147e38b6 wp-block-uagb-image--layout-default wp-block-uagb-image--effect-static wp-block-uagb-image--align-right\"><figure class=\"wp-block-uagb-image__figure\"><img decoding=\"async\" srcset=\"https:\/\/ampere2025.fr\/wp-content\/uploads\/2024\/05\/afficheconcours-EN-v5b_1-220x300.png ,https:\/\/ampere2025.fr\/wp-content\/uploads\/2024\/05\/afficheconcours-EN-v5b_1.png 780w, https:\/\/ampere2025.fr\/wp-content\/uploads\/2024\/05\/afficheconcours-EN-v5b_1.png 360w\" sizes=\"auto, (max-width: 480px) 150px\" src=\"https:\/\/ampere2025.fr\/wp-content\/uploads\/2024\/05\/afficheconcours-EN-v5b_1-220x300.png\" alt=\"\" class=\"uag-image-2008\" width=\"220\" height=\"300\" title=\"poster contest\" loading=\"lazy\" role=\"img\"\/><\/figure><\/div>\n<\/div>\n<\/div>\n\n\n\n<div class=\"wp-block-buttons has-custom-font-size has-x-large-font-size is-content-justification-center is-layout-flex wp-container-core-buttons-is-layout-f5b6105e wp-block-buttons-is-layout-flex\" style=\"font-style:italic;font-weight:800;line-height:1.5\">\n<div class=\"wp-block-button has-custom-font-size is-style-outline has-x-large-font-size is-style-outline--2\" style=\"font-style:normal;font-weight:800\"><a class=\"wp-block-button__link wp-element-button\" href=\"https:\/\/www.concours2025.ampere2025.fr\/public\/index.php\/en\/page,4\" style=\"border-width:3px\" target=\"_blank\" rel=\"noreferrer noopener\"><strong>To register for the contest<\/strong><br><strong>clic here<\/strong><\/a><\/div>\n<\/div>\n\n\n\n<div class=\"wp-block-uagb-separator uagb-block-834ffdc1\"><div class=\"wp-block-uagb-separator__inner\" style=\"--my-background-image:\"><\/div><\/div>\n\n\n\n<div class=\"wp-block-uagb-container uagb-block-c06c40a7 alignfull uagb-is-root-container\"><div class=\"uagb-container-inner-blocks-wrap\">\n<div class=\"wp-block-uagb-container uagb-block-d8f3e5f9\">\n<div class=\"wp-block-buttons is-content-justification-center is-layout-flex wp-container-core-buttons-is-layout-a89b3969 wp-block-buttons-is-layout-flex\">\n<div class=\"wp-block-button\"><a class=\"wp-block-button__link wp-element-button\" href=\"https:\/\/www.concours2025.ampere2025.fr\/public\/index.php\/en\/page,4\" target=\"_blank\" rel=\"noreferrer noopener\">Contest official page<\/a><\/div>\n\n\n\n<div class=\"wp-block-button\"><a class=\"wp-block-button__link wp-element-button\" href=\"https:\/\/www.concours2025.ampere2025.fr\/public\/index.php\/en\/contact\" target=\"_blank\" rel=\"noreferrer noopener nofollow\">contact us<\/a><\/div>\n<\/div>\n<\/div>\n\n\n\n<div class=\"wp-block-uagb-container uagb-block-1065ec35\">\n<div class=\"wp-block-file aligncenter\"><a href=\"https:\/\/ampere2025.fr\/wp-content\/uploads\/2024\/03\/Contest-Rules-v2.pdf\" class=\"wp-block-file__button wp-element-button\" download>download Contest Rules<\/a><\/div>\n\n\n\n<div class=\"wp-block-file aligncenter\"><a href=\"https:\/\/ampere2025.fr\/wp-content\/uploads\/2024\/05\/afficheconcours-EN-v5b.pdf\" class=\"wp-block-file__button wp-element-button\" download>download Contest Poster<\/a><\/div>\n<\/div>\n<\/div><\/div>\n\n\n\n<div class=\"wp-block-uagb-separator uagb-block-60a42eec\"><div class=\"wp-block-uagb-separator__inner\" style=\"--my-background-image:\"><\/div><\/div>\n\n\n\n<div class=\"wp-block-uagb-container uagb-block-a92fe584 alignfull uagb-is-root-container\"><div class=\"uagb-container-inner-blocks-wrap\">\n<div class=\"wp-block-uagb-container uagb-block-afe44380\">\n<p class=\"has-text-align-center\"><strong>Registrations are now open<\/strong><\/p>\n<\/div>\n\n\n\n<div class=\"wp-block-uagb-container uagb-block-ebfc2003\">\n<p class=\"has-text-align-center\">Register ending and final deadline for submissions in &#8230;<\/p>\n\n\n\n<div class=\"wp-block-uagb-countdown uagb-block-b2b959fe\"><div class=\"wp-block-uagb-countdown__box wp-block-uagb-countdown__box-days\"><div role=\"timer\" aria-live=\"off\" class=\"wp-block-uagb-countdown__time wp-block-uagb-countdown__time-days\">&#8211;<\/div><div class=\"wp-block-uagb-countdown__label\">jours<\/div><\/div><div class=\"wp-block-uagb-countdown__box wp-block-uagb-countdown__box-hours\"><div role=\"timer\" aria-live=\"off\" class=\"wp-block-uagb-countdown__time wp-block-uagb-countdown__time-hours\">&#8211;<\/div><div class=\"wp-block-uagb-countdown__label\">h<\/div><\/div><div class=\"wp-block-uagb-countdown__box wp-block-uagb-countdown__box-minutes\"><div role=\"timer\" aria-live=\"off\" class=\"wp-block-uagb-countdown__time wp-block-uagb-countdown__time-minutes\">&#8211;<\/div><div class=\"wp-block-uagb-countdown__label\">mn<\/div><\/div><div class=\"wp-block-uagb-countdown__box wp-block-uagb-countdown__box-seconds\"><div role=\"timer\" aria-live=\"off\" class=\"wp-block-uagb-countdown__time wp-block-uagb-countdown__time-seconds\">&#8211;<\/div><div class=\"wp-block-uagb-countdown__label\">s<\/div><\/div><\/div>\n<\/div>\n<\/div><\/div>\n\n\n\n<div class=\"wp-block-group is-horizontal is-content-justification-center is-nowrap is-layout-flex wp-container-core-group-is-layout-5a9a641b wp-block-group-is-layout-flex\" style=\"border-top-color:var(--wp--preset--color--ast-global-color-5);border-top-width:1px;margin-top:0;margin-bottom:0;padding-top:1em;padding-right:0;padding-bottom:0em;padding-left:0\">\n<p class=\"has-text-color has-link-color wp-elements-be7cf81ba97b88d738f358089e72413d\" style=\"color:#ffcd00\"><a href=\"https:\/\/ampere2025.fr\/en\/activities\/opening-ceremony\/\">Opening Ceremony<\/a><\/p>\n\n\n      \n\t\t\t<div class=\"uagb-icon-wrapper uagb-block-5040e83e  wp-block-uagb-icon--has-margin    \"\n\t\t\tstyle=\"\" >\n\t\t\t\t\t\t\t\t<div class='uagb-icon-margin-wrapper'>\n\t\t\t\t\t\t\t\t\t<span class=\"uagb-svg-wrapper\" \n\t\t\t\t\t aria-label=\"backward\"\t\t\t\t\ttabindex=\"0\">\t\t\n\t\t\t\t\t\t\t\t\t\t<a rel=\"noopener noreferrer\" href=\"https:\/\/ampere2025.fr\/en\/activities\/opening\/\" target=\"_self\"><svg xmlns=\"https:\/\/www.w3.org\/2000\/svg\" viewBox= \"0 0 512 512\" role=\"graphics-symbol\" aria-hidden=\"false\" aria-label=\"\"><path d=\"M459.5 71.41l-171.5 142.9v83.45l171.5 142.9C480.1 457.7 512 443.3 512 415.1V96.03C512 68.66 480.1 54.28 459.5 71.41zM203.5 71.41L11.44 231.4c-15.25 12.87-15.25 36.37 0 49.24l192 159.1c20.63 17.12 52.51 2.749 52.51-24.62v-319.9C255.1 68.66 224.1 54.28 203.5 71.41z\"><\/path><\/svg><\/a>\n\t\t\t\t\t\t\t\t\t<\/span>\n\t\t\t\t\t\t\t\t<\/div>\n\t\t\t\t\t\t\t<\/div>\n\t\t\t\n\n\n<p><em>see also<\/em><\/p>\n\n\n      \n\t\t\t<div class=\"uagb-icon-wrapper uagb-block-c7fcac03  wp-block-uagb-icon--has-margin    \"\n\t\t\tstyle=\"\" >\n\t\t\t\t\t\t\t\t<div class='uagb-icon-margin-wrapper'>\n\t\t\t\t\t\t\t\t\t<span class=\"uagb-svg-wrapper\" \n\t\t\t\t\t aria-label=\"forward\"\t\t\t\t\ttabindex=\"0\">\t\t\n\t\t\t\t\t\t\t\t\t\t<a rel=\"noopener noreferrer\" href=\"https:\/\/ampere2025.fr\/en\/activities\/exhibitions\/\" target=\"_self\"><svg xmlns=\"https:\/\/www.w3.org\/2000\/svg\" viewBox= \"0 0 512 512\" role=\"graphics-symbol\" aria-hidden=\"false\" aria-label=\"\"><path d=\"M52.51 440.6l171.5-142.9V214.3L52.51 71.41C31.88 54.28 0 68.66 0 96.03v319.9C0 443.3 31.88 457.7 52.51 440.6zM308.5 440.6l192-159.1c15.25-12.87 15.25-36.37 0-49.24l-192-159.1c-20.63-17.12-52.51-2.749-52.51 24.62v319.9C256 443.3 287.9 457.7 308.5 440.6z\"><\/path><\/svg><\/a>\n\t\t\t\t\t\t\t\t\t<\/span>\n\t\t\t\t\t\t\t\t<\/div>\n\t\t\t\t\t\t\t<\/div>\n\t\t\t\n\n\n<p class=\"has-text-color has-link-color wp-elements-c20a57d45d3f9736286d4a889749a6e5\" style=\"color:#ffcd00\"><a href=\"https:\/\/ampere2025.fr\/en\/activities\/exhibitions\/\">Exhibitions<\/a><\/p>\n<\/div>\n","protected":false},"excerpt":{"rendered":"<p>INTERNATIONAL contest The competition commemorates the 250th anniversary of Andr\u00e9-Marie-Amp\u00e8re&#8217;s birth in 2025, with three Nobel prize of physics laureates [&hellip;]<\/p>\n","protected":false},"author":1,"featured_media":1041,"parent":866,"menu_order":0,"comment_status":"closed","ping_status":"closed","template":"","meta":{"_uag_custom_page_level_css":"","site-sidebar-layout":"no-sidebar","site-content-layout":"","ast-site-content-layout":"default","site-content-style":"default","site-sidebar-style":"unboxed","ast-global-header-display":"","ast-banner-title-visibility":"","ast-main-header-display":"","ast-hfb-above-header-display":"","ast-hfb-below-header-display":"","ast-hfb-mobile-header-display":"","site-post-title":"disabled","ast-breadcrumbs-content":"","ast-featured-img":"disabled","footer-sml-layout":"","ast-disable-related-posts":"","theme-transparent-header-meta":"","adv-header-id-meta":"","stick-header-meta":"","header-above-stick-meta":"","header-main-stick-meta":"","header-below-stick-meta":"","astra-migrate-meta-layouts":"default","ast-page-background-enabled":"default","ast-page-background-meta":{"desktop":{"background-color":"var(--ast-global-color-4)","background-image":"","background-repeat":"repeat","background-position":"center center","background-size":"auto","background-attachment":"scroll","background-type":"","background-media":"","overlay-type":"","overlay-color":"","overlay-opacity":"","overlay-gradient":""},"tablet":{"background-color":"","background-image":"","background-repeat":"repeat","background-position":"center center","background-size":"auto","background-attachment":"scroll","background-type":"","background-media":"","overlay-type":"","overlay-color":"","overlay-opacity":"","overlay-gradient":""},"mobile":{"background-color":"","background-image":"","background-repeat":"repeat","background-position":"center center","background-size":"auto","background-attachment":"scroll","background-type":"","background-media":"","overlay-type":"","overlay-color":"","overlay-opacity":"","overlay-gradient":""}},"ast-content-background-meta":{"desktop":{"background-color":"var(--ast-global-color-5)","background-image":"","background-repeat":"repeat","background-position":"center center","background-size":"auto","background-attachment":"scroll","background-type":"","background-media":"","overlay-type":"","overlay-color":"","overlay-opacity":"","overlay-gradient":""},"tablet":{"background-color":"var(--ast-global-color-5)","background-image":"","background-repeat":"repeat","background-position":"center center","background-size":"auto","background-attachment":"scroll","background-type":"","background-media":"","overlay-type":"","overlay-color":"","overlay-opacity":"","overlay-gradient":""},"mobile":{"background-color":"var(--ast-global-color-5)","background-image":"","background-repeat":"repeat","background-position":"center center","background-size":"auto","background-attachment":"scroll","background-type":"","background-media":"","overlay-type":"","overlay-color":"","overlay-opacity":"","overlay-gradient":""}},"footnotes":""},"class_list":["post-1023","page","type-page","status-publish","has-post-thumbnail","hentry"],"yoast_head":"<!-- This site is optimized with the Yoast SEO plugin v26.8 - https:\/\/yoast.com\/product\/yoast-seo-wordpress\/ -->\n<title>Contest - Amp\u00e8re 2025<\/title>\n<meta name=\"robots\" content=\"index, follow, max-snippet:-1, max-image-preview:large, max-video-preview:-1\" \/>\n<link rel=\"canonical\" href=\"https:\/\/ampere2025.fr\/en\/activities\/concours\/\" \/>\n<meta property=\"og:locale\" content=\"en_US\" \/>\n<meta property=\"og:type\" content=\"article\" \/>\n<meta property=\"og:title\" content=\"Contest - Amp\u00e8re 2025\" \/>\n<meta property=\"og:description\" content=\"INTERNATIONAL contest The competition commemorates the 250th anniversary of Andr\u00e9-Marie-Amp\u00e8re&#8217;s birth in 2025, with three Nobel prize of physics laureates [&hellip;]\" \/>\n<meta property=\"og:url\" content=\"https:\/\/ampere2025.fr\/en\/activities\/concours\/\" \/>\n<meta property=\"og:site_name\" content=\"Amp\u00e8re 2025\" \/>\n<meta property=\"article:publisher\" content=\"https:\/\/www.facebook.com\/saamapoleymieux69\/\" \/>\n<meta property=\"article:modified_time\" content=\"2025-01-17T15:43:43+00:00\" \/>\n<meta property=\"og:image\" content=\"https:\/\/ampere2025.fr\/wp-content\/uploads\/2024\/03\/Diapo-ConcoursA2025.png\" \/>\n\t<meta property=\"og:image:width\" content=\"901\" \/>\n\t<meta property=\"og:image:height\" content=\"200\" \/>\n\t<meta property=\"og:image:type\" content=\"image\/png\" \/>\n<meta name=\"twitter:card\" content=\"summary_large_image\" \/>\n<meta name=\"twitter:site\" content=\"@amperemaison\" \/>\n<meta name=\"twitter:label1\" content=\"Est. reading time\" \/>\n\t<meta name=\"twitter:data1\" content=\"2 minutes\" \/>\n<script type=\"application\/ld+json\" class=\"yoast-schema-graph\">{\"@context\":\"https:\/\/schema.org\",\"@graph\":[{\"@type\":\"WebPage\",\"@id\":\"https:\/\/ampere2025.fr\/en\/activities\/concours\/\",\"url\":\"https:\/\/ampere2025.fr\/en\/activities\/concours\/\",\"name\":\"Contest - Amp\u00e8re 2025\",\"isPartOf\":{\"@id\":\"https:\/\/ampere2025.fr\/en\/#website\"},\"primaryImageOfPage\":{\"@id\":\"https:\/\/ampere2025.fr\/en\/activities\/concours\/#primaryimage\"},\"image\":{\"@id\":\"https:\/\/ampere2025.fr\/en\/activities\/concours\/#primaryimage\"},\"thumbnailUrl\":\"https:\/\/ampere2025.fr\/wp-content\/uploads\/2024\/03\/Diapo-ConcoursA2025.png\",\"datePublished\":\"2024-02-15T10:35:02+00:00\",\"dateModified\":\"2025-01-17T15:43:43+00:00\",\"breadcrumb\":{\"@id\":\"https:\/\/ampere2025.fr\/en\/activities\/concours\/#breadcrumb\"},\"inLanguage\":\"en-US\",\"potentialAction\":[{\"@type\":\"ReadAction\",\"target\":[\"https:\/\/ampere2025.fr\/en\/activities\/concours\/\"]}]},{\"@type\":\"ImageObject\",\"inLanguage\":\"en-US\",\"@id\":\"https:\/\/ampere2025.fr\/en\/activities\/concours\/#primaryimage\",\"url\":\"https:\/\/ampere2025.fr\/wp-content\/uploads\/2024\/03\/Diapo-ConcoursA2025.png\",\"contentUrl\":\"https:\/\/ampere2025.fr\/wp-content\/uploads\/2024\/03\/Diapo-ConcoursA2025.png\",\"width\":901,\"height\":200},{\"@type\":\"BreadcrumbList\",\"@id\":\"https:\/\/ampere2025.fr\/en\/activities\/concours\/#breadcrumb\",\"itemListElement\":[{\"@type\":\"ListItem\",\"position\":1,\"name\":\"Accueil\",\"item\":\"https:\/\/ampere2025.fr\/en\/\"},{\"@type\":\"ListItem\",\"position\":2,\"name\":\"Activities\",\"item\":\"https:\/\/ampere2025.fr\/en\/activities\/\"},{\"@type\":\"ListItem\",\"position\":3,\"name\":\"Contest\"}]},{\"@type\":\"WebSite\",\"@id\":\"https:\/\/ampere2025.fr\/en\/#website\",\"url\":\"https:\/\/ampere2025.fr\/en\/\",\"name\":\"Amp\u00e8re 2025\",\"description\":\"Demain, un monde \u00e9lectrique\",\"publisher\":{\"@id\":\"https:\/\/ampere2025.fr\/en\/#organization\"},\"potentialAction\":[{\"@type\":\"SearchAction\",\"target\":{\"@type\":\"EntryPoint\",\"urlTemplate\":\"https:\/\/ampere2025.fr\/en\/?s={search_term_string}\"},\"query-input\":{\"@type\":\"PropertyValueSpecification\",\"valueRequired\":true,\"valueName\":\"search_term_string\"}}],\"inLanguage\":\"en-US\"},{\"@type\":\"Organization\",\"@id\":\"https:\/\/ampere2025.fr\/en\/#organization\",\"name\":\"Amp\u00e8re 2025\",\"url\":\"https:\/\/ampere2025.fr\/en\/\",\"logo\":{\"@type\":\"ImageObject\",\"inLanguage\":\"en-US\",\"@id\":\"https:\/\/ampere2025.fr\/en\/#\/schema\/logo\/image\/\",\"url\":\"https:\/\/ampere2025.fr\/wp-content\/uploads\/2024\/07\/cropped-Bandeau-Ampere-2025-FR-EN-V5-1.png\",\"contentUrl\":\"https:\/\/ampere2025.fr\/wp-content\/uploads\/2024\/07\/cropped-Bandeau-Ampere-2025-FR-EN-V5-1.png\",\"width\":2400,\"height\":399,\"caption\":\"Amp\u00e8re 2025\"},\"image\":{\"@id\":\"https:\/\/ampere2025.fr\/en\/#\/schema\/logo\/image\/\"},\"sameAs\":[\"https:\/\/www.facebook.com\/saamapoleymieux69\/\",\"https:\/\/x.com\/amperemaison\",\"https:\/\/www.instagram.com\/museeampere\"]}]}<\/script>\n<!-- \/ Yoast SEO plugin. -->","yoast_head_json":{"title":"Contest - Amp\u00e8re 2025","robots":{"index":"index","follow":"follow","max-snippet":"max-snippet:-1","max-image-preview":"max-image-preview:large","max-video-preview":"max-video-preview:-1"},"canonical":"https:\/\/ampere2025.fr\/en\/activities\/concours\/","og_locale":"en_US","og_type":"article","og_title":"Contest - Amp\u00e8re 2025","og_description":"INTERNATIONAL contest The competition commemorates the 250th anniversary of Andr\u00e9-Marie-Amp\u00e8re&#8217;s birth in 2025, with three Nobel prize of physics laureates [&hellip;]","og_url":"https:\/\/ampere2025.fr\/en\/activities\/concours\/","og_site_name":"Amp\u00e8re 2025","article_publisher":"https:\/\/www.facebook.com\/saamapoleymieux69\/","article_modified_time":"2025-01-17T15:43:43+00:00","og_image":[{"width":901,"height":200,"url":"https:\/\/ampere2025.fr\/wp-content\/uploads\/2024\/03\/Diapo-ConcoursA2025.png","type":"image\/png"}],"twitter_card":"summary_large_image","twitter_site":"@amperemaison","twitter_misc":{"Est. reading time":"2 minutes"},"schema":{"@context":"https:\/\/schema.org","@graph":[{"@type":"WebPage","@id":"https:\/\/ampere2025.fr\/en\/activities\/concours\/","url":"https:\/\/ampere2025.fr\/en\/activities\/concours\/","name":"Contest - Amp\u00e8re 2025","isPartOf":{"@id":"https:\/\/ampere2025.fr\/en\/#website"},"primaryImageOfPage":{"@id":"https:\/\/ampere2025.fr\/en\/activities\/concours\/#primaryimage"},"image":{"@id":"https:\/\/ampere2025.fr\/en\/activities\/concours\/#primaryimage"},"thumbnailUrl":"https:\/\/ampere2025.fr\/wp-content\/uploads\/2024\/03\/Diapo-ConcoursA2025.png","datePublished":"2024-02-15T10:35:02+00:00","dateModified":"2025-01-17T15:43:43+00:00","breadcrumb":{"@id":"https:\/\/ampere2025.fr\/en\/activities\/concours\/#breadcrumb"},"inLanguage":"en-US","potentialAction":[{"@type":"ReadAction","target":["https:\/\/ampere2025.fr\/en\/activities\/concours\/"]}]},{"@type":"ImageObject","inLanguage":"en-US","@id":"https:\/\/ampere2025.fr\/en\/activities\/concours\/#primaryimage","url":"https:\/\/ampere2025.fr\/wp-content\/uploads\/2024\/03\/Diapo-ConcoursA2025.png","contentUrl":"https:\/\/ampere2025.fr\/wp-content\/uploads\/2024\/03\/Diapo-ConcoursA2025.png","width":901,"height":200},{"@type":"BreadcrumbList","@id":"https:\/\/ampere2025.fr\/en\/activities\/concours\/#breadcrumb","itemListElement":[{"@type":"ListItem","position":1,"name":"Accueil","item":"https:\/\/ampere2025.fr\/en\/"},{"@type":"ListItem","position":2,"name":"Activities","item":"https:\/\/ampere2025.fr\/en\/activities\/"},{"@type":"ListItem","position":3,"name":"Contest"}]},{"@type":"WebSite","@id":"https:\/\/ampere2025.fr\/en\/#website","url":"https:\/\/ampere2025.fr\/en\/","name":"Amp\u00e8re 2025","description":"Demain, un monde \u00e9lectrique","publisher":{"@id":"https:\/\/ampere2025.fr\/en\/#organization"},"potentialAction":[{"@type":"SearchAction","target":{"@type":"EntryPoint","urlTemplate":"https:\/\/ampere2025.fr\/en\/?s={search_term_string}"},"query-input":{"@type":"PropertyValueSpecification","valueRequired":true,"valueName":"search_term_string"}}],"inLanguage":"en-US"},{"@type":"Organization","@id":"https:\/\/ampere2025.fr\/en\/#organization","name":"Amp\u00e8re 2025","url":"https:\/\/ampere2025.fr\/en\/","logo":{"@type":"ImageObject","inLanguage":"en-US","@id":"https:\/\/ampere2025.fr\/en\/#\/schema\/logo\/image\/","url":"https:\/\/ampere2025.fr\/wp-content\/uploads\/2024\/07\/cropped-Bandeau-Ampere-2025-FR-EN-V5-1.png","contentUrl":"https:\/\/ampere2025.fr\/wp-content\/uploads\/2024\/07\/cropped-Bandeau-Ampere-2025-FR-EN-V5-1.png","width":2400,"height":399,"caption":"Amp\u00e8re 2025"},"image":{"@id":"https:\/\/ampere2025.fr\/en\/#\/schema\/logo\/image\/"},"sameAs":["https:\/\/www.facebook.com\/saamapoleymieux69\/","https:\/\/x.com\/amperemaison","https:\/\/www.instagram.com\/museeampere"]}]}},"uagb_featured_image_src":{"full":["https:\/\/ampere2025.fr\/wp-content\/uploads\/2024\/03\/Diapo-ConcoursA2025.png",901,200,false],"thumbnail":["https:\/\/ampere2025.fr\/wp-content\/uploads\/2024\/03\/Diapo-ConcoursA2025-150x150.png",150,150,true],"medium":["https:\/\/ampere2025.fr\/wp-content\/uploads\/2024\/03\/Diapo-ConcoursA2025-300x67.png",300,67,true],"medium_large":["https:\/\/ampere2025.fr\/wp-content\/uploads\/2024\/03\/Diapo-ConcoursA2025-768x170.png",768,170,true],"large":["https:\/\/ampere2025.fr\/wp-content\/uploads\/2024\/03\/Diapo-ConcoursA2025.png",901,200,false],"1536x1536":["https:\/\/ampere2025.fr\/wp-content\/uploads\/2024\/03\/Diapo-ConcoursA2025.png",901,200,false],"2048x2048":["https:\/\/ampere2025.fr\/wp-content\/uploads\/2024\/03\/Diapo-ConcoursA2025.png",901,200,false]},"uagb_author_info":{"display_name":"admin","author_link":"https:\/\/ampere2025.fr\/en\/author\/admin\/"},"uagb_comment_info":0,"uagb_excerpt":"INTERNATIONAL contest The competition commemorates the 250th anniversary of Andr\u00e9-Marie-Amp\u00e8re&#8217;s birth in 2025, with three Nobel prize of physics laureates [&hellip;]","_links":{"self":[{"href":"https:\/\/ampere2025.fr\/en\/wp-json\/wp\/v2\/pages\/1023","targetHints":{"allow":["GET"]}}],"collection":[{"href":"https:\/\/ampere2025.fr\/en\/wp-json\/wp\/v2\/pages"}],"about":[{"href":"https:\/\/ampere2025.fr\/en\/wp-json\/wp\/v2\/types\/page"}],"author":[{"embeddable":true,"href":"https:\/\/ampere2025.fr\/en\/wp-json\/wp\/v2\/users\/1"}],"replies":[{"embeddable":true,"href":"https:\/\/ampere2025.fr\/en\/wp-json\/wp\/v2\/comments?post=1023"}],"version-history":[{"count":2,"href":"https:\/\/ampere2025.fr\/en\/wp-json\/wp\/v2\/pages\/1023\/revisions"}],"predecessor-version":[{"id":4376,"href":"https:\/\/ampere2025.fr\/en\/wp-json\/wp\/v2\/pages\/1023\/revisions\/4376"}],"up":[{"embeddable":true,"href":"https:\/\/ampere2025.fr\/en\/wp-json\/wp\/v2\/pages\/866"}],"wp:featuredmedia":[{"embeddable":true,"href":"https:\/\/ampere2025.fr\/en\/wp-json\/wp\/v2\/media\/1041"}],"wp:attachment":[{"href":"https:\/\/ampere2025.fr\/en\/wp-json\/wp\/v2\/media?parent=1023"}],"curies":[{"name":"wp","href":"https:\/\/api.w.org\/{rel}","templated":true}]}}