{"id":1195,"date":"2024-02-17T01:14:26","date_gmt":"2024-02-17T00:14:26","guid":{"rendered":"https:\/\/ampere2025.fr\/?page_id=1195"},"modified":"2024-11-08T17:17:46","modified_gmt":"2024-11-08T16:17:46","slug":"patronage","status":"publish","type":"page","link":"https:\/\/ampere2025.fr\/en\/supporters\/patronage\/","title":{"rendered":"Patronage"},"content":{"rendered":"\n<div class=\"wp-block-uagb-advanced-heading uagb-block-ecd39577\"><h1 class=\"uagb-heading-text\">Patronage<\/h1><\/div>\n\n\n\n<div class=\"wp-block-uagb-separator uagb-block-b8720a3e\"><div class=\"uagb-separator-spacing-wrapper\"><div class=\"wp-block-uagb-separator__inner\" style=\"--my-background-image:\"><\/div><\/div><\/div>\n\n\n\n<div class=\"wp-block-uagb-container uag-blocks-common-selector uagb-layout-flex uagb-block-ddb7e146 alignwide uagb-is-root-container\">\n<div class=\"wp-block-uagb-container uagb-block-b107fe1f\">\n<figure class=\"wp-block-image alignfull size-full has-custom-border is-style-rounded\"><img loading=\"lazy\" decoding=\"async\" width=\"250\" height=\"225\" src=\"https:\/\/ampere2025.fr\/wp-content\/uploads\/2024\/05\/logo-poleymieux-250-225.jpg\" alt=\"Logo du Village de poleymieux au mont d'or\" class=\"wp-image-1916\" style=\"border-style:none;border-width:0px;border-radius:20px\"\/><\/figure>\n<\/div>\n\n\n\n<div class=\"wp-block-uagb-container uagb-block-b71d4ef2\"><\/div>\n\n\n\n<div class=\"wp-block-uagb-container uagb-block-7d2fda33\"><\/div>\n<\/div>\n\n\n\n<h2 class=\"wp-block-heading\"><strong><strong>Andr\u00e9-Marie Amp\u00e8re was a member of the following institutions which are supporting the celebration of the 250<sup>th<\/sup> anniversary of his birth<\/strong><\/strong><\/h2>\n\n\n\n<div class=\"wp-block-uagb-container uagb-block-54566b43 alignwide uagb-is-root-container\">\n<div class=\"wp-block-uagb-container uagb-block-a4849be1\">\n<div class=\"wp-block-uagb-image aligncenter uagb-block-d11135d6 wp-block-uagb-image--layout-default wp-block-uagb-image--effect-static wp-block-uagb-image--align-center\"><figure class=\"wp-block-uagb-image__figure\"><a class=\"\" href=\"https:\/\/www.academie-sciences.fr\/fr\/\" target=\"\" rel=\"noopener\"><img decoding=\"async\" srcset=\"https:\/\/ampere2025.fr\/wp-content\/uploads\/2024\/03\/Ac_Sciences-logo-1-300x155.png ,https:\/\/ampere2025.fr\/wp-content\/uploads\/2024\/03\/Ac_Sciences-logo-1.png 780w, https:\/\/ampere2025.fr\/wp-content\/uploads\/2024\/03\/Ac_Sciences-logo-1.png 360w\" sizes=\"auto, (max-width: 480px) 150px\" src=\"https:\/\/ampere2025.fr\/wp-content\/uploads\/2024\/03\/Ac_Sciences-logo-1-300x155.png\" alt=\"Logo Acad\u00e9mie des Sciences\" class=\"uag-image-1162\" width=\"300\" height=\"155\" title=\"Acad\u00e9mie des Sciences\" loading=\"lazy\" role=\"img\"\/><\/a><\/figure><\/div>\n<\/div>\n\n\n\n<div class=\"wp-block-uagb-container uagb-block-95f7f09d\">\n<div class=\"wp-block-uagb-image aligncenter uagb-block-3d8d1f8e wp-block-uagb-image--layout-default wp-block-uagb-image--effect-static wp-block-uagb-image--align-center\"><figure class=\"wp-block-uagb-image__figure\"><a class=\"\" href=\"https:\/\/www.college-de-france.fr\/fr\" target=\"\" rel=\"noopener\"><img decoding=\"async\" srcset=\"https:\/\/ampere2025.fr\/wp-content\/uploads\/2024\/03\/College_de_France-logo-1-300x132.png ,https:\/\/ampere2025.fr\/wp-content\/uploads\/2024\/03\/College_de_France-logo-1.png 780w, https:\/\/ampere2025.fr\/wp-content\/uploads\/2024\/03\/College_de_France-logo-1.png 360w\" sizes=\"auto, (max-width: 480px) 150px\" src=\"https:\/\/ampere2025.fr\/wp-content\/uploads\/2024\/03\/College_de_France-logo-1-300x132.png\" alt=\"logo Coll\u00e8ge de France\" class=\"uag-image-1164\" width=\"209\" height=\"92\" title=\"Coll\u00e8ge de France\" loading=\"lazy\" role=\"img\"\/><\/a><\/figure><\/div>\n<\/div>\n\n\n\n<div class=\"wp-block-uagb-container uagb-block-0e83312e\">\n<div class=\"wp-block-uagb-image aligncenter uagb-block-babbd8b0 wp-block-uagb-image--layout-default wp-block-uagb-image--effect-static wp-block-uagb-image--align-center\"><figure class=\"wp-block-uagb-image__figure\"><a class=\"\" href=\"https:\/\/academie-sbla-lyon.fr\/\" target=\"\" rel=\"noopener\"><img decoding=\"async\" srcset=\"https:\/\/ampere2025.fr\/wp-content\/uploads\/2024\/03\/Ac_Sciences_Belles_Lettres_Arts_Lyon-logo-300x281.png ,https:\/\/ampere2025.fr\/wp-content\/uploads\/2024\/03\/Ac_Sciences_Belles_Lettres_Arts_Lyon-logo.png 780w, https:\/\/ampere2025.fr\/wp-content\/uploads\/2024\/03\/Ac_Sciences_Belles_Lettres_Arts_Lyon-logo.png 360w\" sizes=\"auto, (max-width: 480px) 150px\" src=\"https:\/\/ampere2025.fr\/wp-content\/uploads\/2024\/03\/Ac_Sciences_Belles_Lettres_Arts_Lyon-logo-300x281.png\" alt=\"logo Acad\u00e9mie des Sciences, Belles Lettres et Arts de Lyon\" class=\"uag-image-1160\" width=\"201\" height=\"188\" title=\"Acad\u00e9mie des Sciences, Belles Lettres et Arts de Lyongo\" loading=\"lazy\" role=\"img\"\/><\/a><\/figure><\/div>\n<\/div>\n<\/div>\n\n\n\n<div class=\"wp-block-uagb-container uagb-block-171b1ae3 alignwide uagb-is-root-container\">\n<div class=\"wp-block-uagb-container uagb-block-0fd02b90\">\n<div class=\"wp-block-uagb-image aligncenter uagb-block-daded34c wp-block-uagb-image--layout-default wp-block-uagb-image--effect-static wp-block-uagb-image--align-center\"><figure class=\"wp-block-uagb-image__figure\"><img decoding=\"async\" srcset=\"https:\/\/ampere2025.fr\/wp-content\/uploads\/2024\/09\/SEIN.jpg ,https:\/\/ampere2025.fr\/wp-content\/uploads\/2024\/09\/SEIN.jpg 780w, https:\/\/ampere2025.fr\/wp-content\/uploads\/2024\/09\/SEIN.jpg 360w\" sizes=\"auto, (max-width: 480px) 150px\" src=\"https:\/\/ampere2025.fr\/wp-content\/uploads\/2024\/09\/SEIN.jpg\" alt=\"\" class=\"uag-image-2522\" width=\"200\" height=\"300\" title=\"SEIN\" loading=\"lazy\" role=\"img\"\/><\/figure><\/div>\n<\/div>\n\n\n\n<div class=\"wp-block-uagb-container uagb-block-0c884635\">\n<div class=\"wp-block-uagb-image aligncenter uagb-block-c2ad5658 wp-block-uagb-image--layout-default wp-block-uagb-image--effect-static wp-block-uagb-image--align-center\"><figure class=\"wp-block-uagb-image__figure\"><img decoding=\"async\" srcset=\"https:\/\/ampere2025.fr\/wp-content\/uploads\/2024\/05\/Societe-philomathique.png ,https:\/\/ampere2025.fr\/wp-content\/uploads\/2024\/05\/Societe-philomathique.png 780w, https:\/\/ampere2025.fr\/wp-content\/uploads\/2024\/05\/Societe-philomathique.png 360w\" sizes=\"auto, (max-width: 480px) 150px\" src=\"https:\/\/ampere2025.fr\/wp-content\/uploads\/2024\/05\/Societe-philomathique.png\" alt=\"\" class=\"uag-image-1903\" width=\"339\" height=\"149\" title=\"Societe-philomathique\" loading=\"lazy\" role=\"img\"\/><\/figure><\/div>\n<\/div>\n\n\n\n<div class=\"wp-block-uagb-container uagb-block-a917bdb1\"><\/div>\n<\/div>\n\n\n\n<div class=\"wp-block-uagb-separator uagb-block-440230cf\"><div class=\"uagb-separator-spacing-wrapper\"><div class=\"wp-block-uagb-separator__inner\" style=\"--my-background-image:\"><\/div><\/div><\/div>\n\n\n\n<div class=\"wp-block-uagb-advanced-heading uagb-block-6e7af6c6\"><h2 class=\"uagb-heading-text\"><strong><strong>Andr\u00e9-Marie Amp\u00e8re was a member of the following institutions which are supporting the celebration of the 250<sup>th<\/sup> anniversary of his birth<\/strong><\/strong><\/h2><\/div>\n\n\n\n<div class=\"wp-block-uagb-container uagb-block-9cab3b04 alignfull uagb-is-root-container\"><div class=\"uagb-container-inner-blocks-wrap\">\n<div class=\"wp-block-uagb-container uagb-block-de8c3ecc\">\n<div class=\"wp-block-uagb-image alignright uagb-block-eb40d765 wp-block-uagb-image--layout-default wp-block-uagb-image--effect-static wp-block-uagb-image--align-right\"><figure class=\"wp-block-uagb-image__figure\"><a class=\"\" href=\"https:\/\/www.sfpnet.fr\/\" target=\"\" rel=\"noopener\"><img decoding=\"async\" srcset=\"https:\/\/ampere2025.fr\/wp-content\/uploads\/2024\/03\/logo_sfp-1-300x225.jpg ,https:\/\/ampere2025.fr\/wp-content\/uploads\/2024\/03\/logo_sfp-1.jpg 780w, https:\/\/ampere2025.fr\/wp-content\/uploads\/2024\/03\/logo_sfp-1.jpg 360w\" sizes=\"auto, (max-width: 480px) 150px\" src=\"https:\/\/ampere2025.fr\/wp-content\/uploads\/2024\/03\/logo_sfp-1-300x225.jpg\" alt=\"Logo Soci\u00e9t\u00e9 Fran\u00e7aise de Physique\" class=\"uag-image-1166\" width=\"150\" height=\"113\" title=\"Soci\u00e9t\u00e9 Fran\u00e7aise de Physique\" loading=\"lazy\" role=\"img\"\/><\/a><\/figure><\/div>\n<\/div>\n\n\n\n<div class=\"wp-block-uagb-container uagb-block-670b089f\"><\/div>\n<\/div><\/div>\n\n\n\n<div class=\"wp-block-uagb-separator uagb-block-fa9a3d9b\"><div class=\"uagb-separator-spacing-wrapper\"><div class=\"wp-block-uagb-separator__inner\" style=\"--my-background-image:\"><\/div><\/div><\/div>\n","protected":false},"excerpt":{"rendered":"<p>Patronage Andr\u00e9-Marie Amp\u00e8re was a member of the following institutions which are supporting the celebration of the 250th anniversary of [&hellip;]<\/p>\n","protected":false},"author":1,"featured_media":0,"parent":109,"menu_order":0,"comment_status":"closed","ping_status":"closed","template":"","meta":{"_uag_custom_page_level_css":"","site-sidebar-layout":"default","site-content-layout":"","ast-site-content-layout":"default","site-content-style":"default","site-sidebar-style":"default","ast-global-header-display":"","ast-banner-title-visibility":"","ast-main-header-display":"","ast-hfb-above-header-display":"","ast-hfb-below-header-display":"","ast-hfb-mobile-header-display":"","site-post-title":"disabled","ast-breadcrumbs-content":"","ast-featured-img":"","footer-sml-layout":"","ast-disable-related-posts":"","theme-transparent-header-meta":"","adv-header-id-meta":"","stick-header-meta":"","header-above-stick-meta":"","header-main-stick-meta":"","header-below-stick-meta":"","astra-migrate-meta-layouts":"default","ast-page-background-enabled":"default","ast-page-background-meta":{"desktop":{"background-color":"var(--ast-global-color-4)","background-image":"","background-repeat":"repeat","background-position":"center center","background-size":"auto","background-attachment":"scroll","background-type":"","background-media":"","overlay-type":"","overlay-color":"","overlay-opacity":"","overlay-gradient":""},"tablet":{"background-color":"","background-image":"","background-repeat":"repeat","background-position":"center center","background-size":"auto","background-attachment":"scroll","background-type":"","background-media":"","overlay-type":"","overlay-color":"","overlay-opacity":"","overlay-gradient":""},"mobile":{"background-color":"","background-image":"","background-repeat":"repeat","background-position":"center center","background-size":"auto","background-attachment":"scroll","background-type":"","background-media":"","overlay-type":"","overlay-color":"","overlay-opacity":"","overlay-gradient":""}},"ast-content-background-meta":{"desktop":{"background-color":"var(--ast-global-color-5)","background-image":"","background-repeat":"repeat","background-position":"center center","background-size":"auto","background-attachment":"scroll","background-type":"","background-media":"","overlay-type":"","overlay-color":"","overlay-opacity":"","overlay-gradient":""},"tablet":{"background-color":"var(--ast-global-color-5)","background-image":"","background-repeat":"repeat","background-position":"center center","background-size":"auto","background-attachment":"scroll","background-type":"","background-media":"","overlay-type":"","overlay-color":"","overlay-opacity":"","overlay-gradient":""},"mobile":{"background-color":"var(--ast-global-color-5)","background-image":"","background-repeat":"repeat","background-position":"center center","background-size":"auto","background-attachment":"scroll","background-type":"","background-media":"","overlay-type":"","overlay-color":"","overlay-opacity":"","overlay-gradient":""}},"footnotes":""},"class_list":["post-1195","page","type-page","status-publish","hentry"],"yoast_head":"<!-- This site is optimized with the Yoast SEO plugin v26.8 - https:\/\/yoast.com\/product\/yoast-seo-wordpress\/ -->\n<title>Patronage - Amp\u00e8re 2025 , 250 ans d&#039;Amp\u00e8re<\/title>\n<meta name=\"description\" content=\"Andr\u00e9-Marie Amp\u00e8re fut membre des institutions suivantes qui soutiennent la c\u00e9l\u00e9bration des 250 ans de la naissance d\u2019Andr\u00e9-Marie Amp\u00e8re.\" \/>\n<meta name=\"robots\" content=\"index, follow, max-snippet:-1, max-image-preview:large, max-video-preview:-1\" \/>\n<link rel=\"canonical\" href=\"https:\/\/ampere2025.fr\/en\/supporters\/patronage\/\" \/>\n<meta property=\"og:locale\" content=\"en_US\" \/>\n<meta property=\"og:type\" content=\"article\" \/>\n<meta property=\"og:title\" content=\"Patronage - Amp\u00e8re 2025 , 250 ans d&#039;Amp\u00e8re\" \/>\n<meta property=\"og:description\" content=\"Andr\u00e9-Marie Amp\u00e8re fut membre des institutions suivantes qui soutiennent la c\u00e9l\u00e9bration des 250 ans de la naissance d\u2019Andr\u00e9-Marie Amp\u00e8re.\" \/>\n<meta property=\"og:url\" content=\"https:\/\/ampere2025.fr\/en\/supporters\/patronage\/\" \/>\n<meta property=\"og:site_name\" content=\"Amp\u00e8re 2025\" \/>\n<meta property=\"article:publisher\" content=\"https:\/\/www.facebook.com\/saamapoleymieux69\/\" \/>\n<meta property=\"article:modified_time\" content=\"2024-11-08T16:17:46+00:00\" \/>\n<meta property=\"og:image\" content=\"https:\/\/ampere2025.fr\/wp-content\/uploads\/2024\/05\/logo-poleymieux-250-225.jpg\" \/>\n\t<meta property=\"og:image:width\" content=\"250\" \/>\n\t<meta property=\"og:image:height\" content=\"225\" \/>\n\t<meta property=\"og:image:type\" content=\"image\/jpeg\" \/>\n<meta name=\"twitter:card\" content=\"summary_large_image\" \/>\n<meta name=\"twitter:site\" content=\"@amperemaison\" \/>\n<meta name=\"twitter:label1\" content=\"Est. reading time\" \/>\n\t<meta name=\"twitter:data1\" content=\"2 minutes\" \/>\n<script type=\"application\/ld+json\" class=\"yoast-schema-graph\">{\"@context\":\"https:\/\/schema.org\",\"@graph\":[{\"@type\":\"WebPage\",\"@id\":\"https:\/\/ampere2025.fr\/en\/supporters\/patronage\/\",\"url\":\"https:\/\/ampere2025.fr\/en\/supporters\/patronage\/\",\"name\":\"Patronage - Amp\u00e8re 2025 , 250 ans d'Amp\u00e8re\",\"isPartOf\":{\"@id\":\"https:\/\/ampere2025.fr\/en\/#website\"},\"primaryImageOfPage\":{\"@id\":\"https:\/\/ampere2025.fr\/en\/supporters\/patronage\/#primaryimage\"},\"image\":{\"@id\":\"https:\/\/ampere2025.fr\/en\/supporters\/patronage\/#primaryimage\"},\"thumbnailUrl\":\"https:\/\/ampere2025.fr\/wp-content\/uploads\/2024\/05\/logo-poleymieux-250-225.jpg\",\"datePublished\":\"2024-02-17T00:14:26+00:00\",\"dateModified\":\"2024-11-08T16:17:46+00:00\",\"description\":\"Andr\u00e9-Marie Amp\u00e8re fut membre des institutions suivantes qui soutiennent la c\u00e9l\u00e9bration des 250 ans de la naissance d\u2019Andr\u00e9-Marie Amp\u00e8re.\",\"breadcrumb\":{\"@id\":\"https:\/\/ampere2025.fr\/en\/supporters\/patronage\/#breadcrumb\"},\"inLanguage\":\"en-US\",\"potentialAction\":[{\"@type\":\"ReadAction\",\"target\":[\"https:\/\/ampere2025.fr\/en\/supporters\/patronage\/\"]}]},{\"@type\":\"ImageObject\",\"inLanguage\":\"en-US\",\"@id\":\"https:\/\/ampere2025.fr\/en\/supporters\/patronage\/#primaryimage\",\"url\":\"https:\/\/ampere2025.fr\/wp-content\/uploads\/2024\/05\/logo-poleymieux-250-225.jpg\",\"contentUrl\":\"https:\/\/ampere2025.fr\/wp-content\/uploads\/2024\/05\/logo-poleymieux-250-225.jpg\"},{\"@type\":\"BreadcrumbList\",\"@id\":\"https:\/\/ampere2025.fr\/en\/supporters\/patronage\/#breadcrumb\",\"itemListElement\":[{\"@type\":\"ListItem\",\"position\":1,\"name\":\"Accueil\",\"item\":\"https:\/\/ampere2025.fr\/en\/\"},{\"@type\":\"ListItem\",\"position\":2,\"name\":\"Supporters\",\"item\":\"https:\/\/ampere2025.fr\/en\/supporters\/\"},{\"@type\":\"ListItem\",\"position\":3,\"name\":\"Patronage\"}]},{\"@type\":\"WebSite\",\"@id\":\"https:\/\/ampere2025.fr\/en\/#website\",\"url\":\"https:\/\/ampere2025.fr\/en\/\",\"name\":\"Amp\u00e8re 2025\",\"description\":\"Demain, un monde \u00e9lectrique\",\"publisher\":{\"@id\":\"https:\/\/ampere2025.fr\/en\/#organization\"},\"potentialAction\":[{\"@type\":\"SearchAction\",\"target\":{\"@type\":\"EntryPoint\",\"urlTemplate\":\"https:\/\/ampere2025.fr\/en\/?s={search_term_string}\"},\"query-input\":{\"@type\":\"PropertyValueSpecification\",\"valueRequired\":true,\"valueName\":\"search_term_string\"}}],\"inLanguage\":\"en-US\"},{\"@type\":\"Organization\",\"@id\":\"https:\/\/ampere2025.fr\/en\/#organization\",\"name\":\"Amp\u00e8re 2025\",\"url\":\"https:\/\/ampere2025.fr\/en\/\",\"logo\":{\"@type\":\"ImageObject\",\"inLanguage\":\"en-US\",\"@id\":\"https:\/\/ampere2025.fr\/en\/#\/schema\/logo\/image\/\",\"url\":\"https:\/\/ampere2025.fr\/wp-content\/uploads\/2024\/07\/cropped-Bandeau-Ampere-2025-FR-EN-V5-1.png\",\"contentUrl\":\"https:\/\/ampere2025.fr\/wp-content\/uploads\/2024\/07\/cropped-Bandeau-Ampere-2025-FR-EN-V5-1.png\",\"width\":2400,\"height\":399,\"caption\":\"Amp\u00e8re 2025\"},\"image\":{\"@id\":\"https:\/\/ampere2025.fr\/en\/#\/schema\/logo\/image\/\"},\"sameAs\":[\"https:\/\/www.facebook.com\/saamapoleymieux69\/\",\"https:\/\/x.com\/amperemaison\",\"https:\/\/www.instagram.com\/museeampere\"]}]}<\/script>\n<!-- \/ Yoast SEO plugin. -->","yoast_head_json":{"title":"Patronage - Amp\u00e8re 2025 , 250 ans d'Amp\u00e8re","description":"Andr\u00e9-Marie Amp\u00e8re fut membre des institutions suivantes qui soutiennent la c\u00e9l\u00e9bration des 250 ans de la naissance d\u2019Andr\u00e9-Marie Amp\u00e8re.","robots":{"index":"index","follow":"follow","max-snippet":"max-snippet:-1","max-image-preview":"max-image-preview:large","max-video-preview":"max-video-preview:-1"},"canonical":"https:\/\/ampere2025.fr\/en\/supporters\/patronage\/","og_locale":"en_US","og_type":"article","og_title":"Patronage - Amp\u00e8re 2025 , 250 ans d'Amp\u00e8re","og_description":"Andr\u00e9-Marie Amp\u00e8re fut membre des institutions suivantes qui soutiennent la c\u00e9l\u00e9bration des 250 ans de la naissance d\u2019Andr\u00e9-Marie Amp\u00e8re.","og_url":"https:\/\/ampere2025.fr\/en\/supporters\/patronage\/","og_site_name":"Amp\u00e8re 2025","article_publisher":"https:\/\/www.facebook.com\/saamapoleymieux69\/","article_modified_time":"2024-11-08T16:17:46+00:00","og_image":[{"width":250,"height":225,"url":"https:\/\/ampere2025.fr\/wp-content\/uploads\/2024\/05\/logo-poleymieux-250-225.jpg","type":"image\/jpeg"}],"twitter_card":"summary_large_image","twitter_site":"@amperemaison","twitter_misc":{"Est. reading time":"2 minutes"},"schema":{"@context":"https:\/\/schema.org","@graph":[{"@type":"WebPage","@id":"https:\/\/ampere2025.fr\/en\/supporters\/patronage\/","url":"https:\/\/ampere2025.fr\/en\/supporters\/patronage\/","name":"Patronage - Amp\u00e8re 2025 , 250 ans d'Amp\u00e8re","isPartOf":{"@id":"https:\/\/ampere2025.fr\/en\/#website"},"primaryImageOfPage":{"@id":"https:\/\/ampere2025.fr\/en\/supporters\/patronage\/#primaryimage"},"image":{"@id":"https:\/\/ampere2025.fr\/en\/supporters\/patronage\/#primaryimage"},"thumbnailUrl":"https:\/\/ampere2025.fr\/wp-content\/uploads\/2024\/05\/logo-poleymieux-250-225.jpg","datePublished":"2024-02-17T00:14:26+00:00","dateModified":"2024-11-08T16:17:46+00:00","description":"Andr\u00e9-Marie Amp\u00e8re fut membre des institutions suivantes qui soutiennent la c\u00e9l\u00e9bration des 250 ans de la naissance d\u2019Andr\u00e9-Marie Amp\u00e8re.","breadcrumb":{"@id":"https:\/\/ampere2025.fr\/en\/supporters\/patronage\/#breadcrumb"},"inLanguage":"en-US","potentialAction":[{"@type":"ReadAction","target":["https:\/\/ampere2025.fr\/en\/supporters\/patronage\/"]}]},{"@type":"ImageObject","inLanguage":"en-US","@id":"https:\/\/ampere2025.fr\/en\/supporters\/patronage\/#primaryimage","url":"https:\/\/ampere2025.fr\/wp-content\/uploads\/2024\/05\/logo-poleymieux-250-225.jpg","contentUrl":"https:\/\/ampere2025.fr\/wp-content\/uploads\/2024\/05\/logo-poleymieux-250-225.jpg"},{"@type":"BreadcrumbList","@id":"https:\/\/ampere2025.fr\/en\/supporters\/patronage\/#breadcrumb","itemListElement":[{"@type":"ListItem","position":1,"name":"Accueil","item":"https:\/\/ampere2025.fr\/en\/"},{"@type":"ListItem","position":2,"name":"Supporters","item":"https:\/\/ampere2025.fr\/en\/supporters\/"},{"@type":"ListItem","position":3,"name":"Patronage"}]},{"@type":"WebSite","@id":"https:\/\/ampere2025.fr\/en\/#website","url":"https:\/\/ampere2025.fr\/en\/","name":"Amp\u00e8re 2025","description":"Demain, un monde \u00e9lectrique","publisher":{"@id":"https:\/\/ampere2025.fr\/en\/#organization"},"potentialAction":[{"@type":"SearchAction","target":{"@type":"EntryPoint","urlTemplate":"https:\/\/ampere2025.fr\/en\/?s={search_term_string}"},"query-input":{"@type":"PropertyValueSpecification","valueRequired":true,"valueName":"search_term_string"}}],"inLanguage":"en-US"},{"@type":"Organization","@id":"https:\/\/ampere2025.fr\/en\/#organization","name":"Amp\u00e8re 2025","url":"https:\/\/ampere2025.fr\/en\/","logo":{"@type":"ImageObject","inLanguage":"en-US","@id":"https:\/\/ampere2025.fr\/en\/#\/schema\/logo\/image\/","url":"https:\/\/ampere2025.fr\/wp-content\/uploads\/2024\/07\/cropped-Bandeau-Ampere-2025-FR-EN-V5-1.png","contentUrl":"https:\/\/ampere2025.fr\/wp-content\/uploads\/2024\/07\/cropped-Bandeau-Ampere-2025-FR-EN-V5-1.png","width":2400,"height":399,"caption":"Amp\u00e8re 2025"},"image":{"@id":"https:\/\/ampere2025.fr\/en\/#\/schema\/logo\/image\/"},"sameAs":["https:\/\/www.facebook.com\/saamapoleymieux69\/","https:\/\/x.com\/amperemaison","https:\/\/www.instagram.com\/museeampere"]}]}},"uagb_featured_image_src":{"full":false,"thumbnail":false,"medium":false,"medium_large":false,"large":false,"1536x1536":false,"2048x2048":false},"uagb_author_info":{"display_name":"admin","author_link":"https:\/\/ampere2025.fr\/en\/author\/admin\/"},"uagb_comment_info":0,"uagb_excerpt":"Patronage Andr\u00e9-Marie Amp\u00e8re was a member of the following institutions which are supporting the celebration of the 250th anniversary of [&hellip;]","_links":{"self":[{"href":"https:\/\/ampere2025.fr\/en\/wp-json\/wp\/v2\/pages\/1195","targetHints":{"allow":["GET"]}}],"collection":[{"href":"https:\/\/ampere2025.fr\/en\/wp-json\/wp\/v2\/pages"}],"about":[{"href":"https:\/\/ampere2025.fr\/en\/wp-json\/wp\/v2\/types\/page"}],"author":[{"embeddable":true,"href":"https:\/\/ampere2025.fr\/en\/wp-json\/wp\/v2\/users\/1"}],"replies":[{"embeddable":true,"href":"https:\/\/ampere2025.fr\/en\/wp-json\/wp\/v2\/comments?post=1195"}],"version-history":[{"count":3,"href":"https:\/\/ampere2025.fr\/en\/wp-json\/wp\/v2\/pages\/1195\/revisions"}],"predecessor-version":[{"id":2664,"href":"https:\/\/ampere2025.fr\/en\/wp-json\/wp\/v2\/pages\/1195\/revisions\/2664"}],"up":[{"embeddable":true,"href":"https:\/\/ampere2025.fr\/en\/wp-json\/wp\/v2\/pages\/109"}],"wp:attachment":[{"href":"https:\/\/ampere2025.fr\/en\/wp-json\/wp\/v2\/media?parent=1195"}],"curies":[{"name":"wp","href":"https:\/\/api.w.org\/{rel}","templated":true}]}}