{"id":1431,"date":"2024-02-17T01:18:39","date_gmt":"2024-02-17T00:18:39","guid":{"rendered":"https:\/\/ampere2025.fr\/supporters\/ambassadeurs\/"},"modified":"2024-11-08T17:22:08","modified_gmt":"2024-11-08T16:22:08","slug":"ambassadeurs","status":"publish","type":"page","link":"https:\/\/ampere2025.fr\/en\/supporters\/ambassadeurs\/","title":{"rendered":"Ambassadors"},"content":{"rendered":"\n<h1 class=\"wp-block-heading\">they are our ambassadors &#8230;<\/h1>\n\n\n\n<p>&#8220;Tomorrow, an electric world&#8221; ambassadors help promote events and projects around the world to mark the 250th anniversary of Andr\u00e9-Marie Amp\u00e8re&#8217;s birth.<\/p>\n\n\n\n<div class=\"wp-block-uagb-container uagb-block-8050c42d default uagb-is-root-container\"><div class=\"uagb-container__shape uagb-container__shape-bottom uagb-container__invert\" data-negative=\"false\"><svg xmlns=\"https:\/\/www.w3.org\/2000\/svg\" viewBox=\"0 0 1000 100\" preserveAspectRatio=\"none\"><path class=\"uagb-container__shape-fill\" d=\"M421.9,6.5c22.6-2.5,51.5,0.4,75.5,5.3c23.6,4.9,70.9,23.5,100.5,35.7c75.8,32.2,133.7,44.5,192.6,49.7  c23.6,2.1,48.7,3.5,103.4-2.5c54.7-6,106.2-25.6,106.2-25.6V0H0v30.3c0,0,72,32.6,158.4,30.5c39.2-0.7,92.8-6.7,134-22.4  c21.2-8.1,52.2-18.2,79.7-24.2C399.3,7.9,411.6,7.5,421.9,6.5z\"><\/path><\/svg><\/div>\n<div class=\"wp-block-uagb-container uagb-block-be6b3a69\">\n<h3 class=\"wp-block-heading\">Brazil<\/h3>\n<\/div>\n\n\n\n<div class=\"wp-block-group is-nowrap is-layout-flex wp-container-core-group-is-layout-6c531013 wp-block-group-is-layout-flex\">\n<div class=\"wp-block-uagb-container uagb-block-9d436827\">\n<p>Helio TOLENTINO, <br>responsable scientifique du synchrotron SIRIUS<\/p>\n<\/div>\n\n\n\n<p>Andr\u00e9 T. ASSIS, <br>professeur d&#8217;histoire de sciences, Universit\u00e9 F\u00e9d\u00e9ral de Campinas<\/p>\n<\/div>\n<\/div>\n\n\n\n<div class=\"wp-block-uagb-container uagb-block-2829d586 default uagb-is-root-container\"><div class=\"uagb-container__shape uagb-container__shape-bottom uagb-container__invert\" data-negative=\"false\"><svg xmlns=\"https:\/\/www.w3.org\/2000\/svg\" viewBox=\"0 0 1000 100\" preserveAspectRatio=\"none\"><path class=\"uagb-container__shape-fill\" d=\"M421.9,6.5c22.6-2.5,51.5,0.4,75.5,5.3c23.6,4.9,70.9,23.5,100.5,35.7c75.8,32.2,133.7,44.5,192.6,49.7  c23.6,2.1,48.7,3.5,103.4-2.5c54.7-6,106.2-25.6,106.2-25.6V0H0v30.3c0,0,72,32.6,158.4,30.5c39.2-0.7,92.8-6.7,134-22.4  c21.2-8.1,52.2-18.2,79.7-24.2C399.3,7.9,411.6,7.5,421.9,6.5z\"><\/path><\/svg><\/div>\n<div class=\"wp-block-uagb-container uagb-block-b897b37c\">\n<h3 class=\"wp-block-heading\">Germany<\/h3>\n<\/div>\n\n\n\n<div class=\"wp-block-group is-nowrap is-layout-flex wp-container-core-group-is-layout-6c531013 wp-block-group-is-layout-flex\">\n<div class=\"wp-block-uagb-container uagb-block-8ca5f58e\">\n<p>Uwe Busch, <br>Director of the Deutsches R\u00f6ntgen-Museum<\/p>\n<\/div>\n<\/div>\n<\/div>\n\n\n\n<div class=\"wp-block-uagb-container uagb-block-9879b994 default uagb-is-root-container\"><div class=\"uagb-container__shape uagb-container__shape-bottom uagb-container__invert\" data-negative=\"false\"><svg xmlns=\"https:\/\/www.w3.org\/2000\/svg\" viewBox=\"0 0 1000 100\" preserveAspectRatio=\"none\"><path class=\"uagb-container__shape-fill\" d=\"M421.9,6.5c22.6-2.5,51.5,0.4,75.5,5.3c23.6,4.9,70.9,23.5,100.5,35.7c75.8,32.2,133.7,44.5,192.6,49.7  c23.6,2.1,48.7,3.5,103.4-2.5c54.7-6,106.2-25.6,106.2-25.6V0H0v30.3c0,0,72,32.6,158.4,30.5c39.2-0.7,92.8-6.7,134-22.4  c21.2-8.1,52.2-18.2,79.7-24.2C399.3,7.9,411.6,7.5,421.9,6.5z\"><\/path><\/svg><\/div>\n<div class=\"wp-block-uagb-container uagb-block-1e530add\">\n<h3 class=\"wp-block-heading\">Italy<\/h3>\n<\/div>\n\n\n\n<div class=\"wp-block-uagb-container uagb-block-13bfc1d8\">\n<div class=\"wp-block-group is-nowrap is-layout-flex wp-container-core-group-is-layout-6c531013 wp-block-group-is-layout-flex\">\n<p>Sofia TALAS, <br>Conservatrice du mus\u00e9e d&#8217;histoire de la physique de l&#8217;universit\u00e9 de Padue<\/p>\n<\/div>\n<\/div>\n<\/div>\n\n\n\n<div class=\"wp-block-uagb-container uagb-block-6c704c96 default uagb-is-root-container\"><div class=\"uagb-container__shape uagb-container__shape-bottom uagb-container__invert\" data-negative=\"false\"><svg xmlns=\"https:\/\/www.w3.org\/2000\/svg\" viewBox=\"0 0 1000 100\" preserveAspectRatio=\"none\"><path class=\"uagb-container__shape-fill\" d=\"M421.9,6.5c22.6-2.5,51.5,0.4,75.5,5.3c23.6,4.9,70.9,23.5,100.5,35.7c75.8,32.2,133.7,44.5,192.6,49.7  c23.6,2.1,48.7,3.5,103.4-2.5c54.7-6,106.2-25.6,106.2-25.6V0H0v30.3c0,0,72,32.6,158.4,30.5c39.2-0.7,92.8-6.7,134-22.4  c21.2-8.1,52.2-18.2,79.7-24.2C399.3,7.9,411.6,7.5,421.9,6.5z\"><\/path><\/svg><\/div>\n<div class=\"wp-block-uagb-container uagb-block-d1023c45\">\n<h3 class=\"wp-block-heading\">South Korea<\/h3>\n<\/div>\n\n\n\n<div class=\"wp-block-uagb-container uagb-block-75715667\">\n<p>Ja-yoon KOO, <br>membre honoraire du CIGRE<\/p>\n<\/div>\n<\/div>\n\n\n\n<div class=\"wp-block-uagb-container uagb-block-0dd870f7 default uagb-is-root-container\"><div class=\"uagb-container__shape uagb-container__shape-bottom uagb-container__invert\" data-negative=\"false\"><svg xmlns=\"https:\/\/www.w3.org\/2000\/svg\" viewBox=\"0 0 1000 100\" preserveAspectRatio=\"none\"><path class=\"uagb-container__shape-fill\" d=\"M421.9,6.5c22.6-2.5,51.5,0.4,75.5,5.3c23.6,4.9,70.9,23.5,100.5,35.7c75.8,32.2,133.7,44.5,192.6,49.7  c23.6,2.1,48.7,3.5,103.4-2.5c54.7-6,106.2-25.6,106.2-25.6V0H0v30.3c0,0,72,32.6,158.4,30.5c39.2-0.7,92.8-6.7,134-22.4  c21.2-8.1,52.2-18.2,79.7-24.2C399.3,7.9,411.6,7.5,421.9,6.5z\"><\/path><\/svg><\/div>\n<div class=\"wp-block-uagb-container uagb-block-8ecb1d72\">\n<h3 class=\"wp-block-heading\">Spain<\/h3>\n<\/div>\n\n\n\n<div class=\"wp-block-uagb-container uagb-block-4a72368b\">\n<div class=\"wp-block-group is-nowrap is-layout-flex wp-container-core-group-is-layout-6c531013 wp-block-group-is-layout-flex\">\n<p>Chantal FERRER ROCA, <br>designer of the \u2018Exp\u00e9rimenta\u2019 exhibition&#8217;<\/p>\n<\/div>\n<\/div>\n<\/div>\n\n\n\n<div class=\"wp-block-uagb-container uagb-block-bb47b495 default uagb-is-root-container\"><div class=\"uagb-container__shape uagb-container__shape-bottom uagb-container__invert\" data-negative=\"false\"><svg xmlns=\"https:\/\/www.w3.org\/2000\/svg\" viewBox=\"0 0 1000 100\" preserveAspectRatio=\"none\"><path class=\"uagb-container__shape-fill\" d=\"M421.9,6.5c22.6-2.5,51.5,0.4,75.5,5.3c23.6,4.9,70.9,23.5,100.5,35.7c75.8,32.2,133.7,44.5,192.6,49.7  c23.6,2.1,48.7,3.5,103.4-2.5c54.7-6,106.2-25.6,106.2-25.6V0H0v30.3c0,0,72,32.6,158.4,30.5c39.2-0.7,92.8-6.7,134-22.4  c21.2-8.1,52.2-18.2,79.7-24.2C399.3,7.9,411.6,7.5,421.9,6.5z\"><\/path><\/svg><\/div>\n<div class=\"wp-block-uagb-container uagb-block-4e054316\">\n<h3 class=\"wp-block-heading\">SWISS<\/h3>\n<\/div>\n\n\n\n<div class=\"wp-block-uagb-container uagb-block-09aa819f\">\n<p>Hans Peter BECK, <br>vice-pr\u00e9sident de la Soci\u00e9t\u00e9 de Physique Suisse<\/p>\n<\/div>\n<\/div>\n\n\n\n<div class=\"wp-block-uagb-container uagb-block-276c6b35 default uagb-is-root-container\"><div class=\"uagb-container__shape uagb-container__shape-bottom uagb-container__invert\" data-negative=\"false\"><svg xmlns=\"https:\/\/www.w3.org\/2000\/svg\" viewBox=\"0 0 1000 100\" preserveAspectRatio=\"none\"><path class=\"uagb-container__shape-fill\" d=\"M421.9,6.5c22.6-2.5,51.5,0.4,75.5,5.3c23.6,4.9,70.9,23.5,100.5,35.7c75.8,32.2,133.7,44.5,192.6,49.7  c23.6,2.1,48.7,3.5,103.4-2.5c54.7-6,106.2-25.6,106.2-25.6V0H0v30.3c0,0,72,32.6,158.4,30.5c39.2-0.7,92.8-6.7,134-22.4  c21.2-8.1,52.2-18.2,79.7-24.2C399.3,7.9,411.6,7.5,421.9,6.5z\"><\/path><\/svg><\/div>\n<div class=\"wp-block-uagb-container uagb-block-df79aeee\">\n<h3 class=\"wp-block-heading\">The Netherlands<\/h3>\n<\/div>\n\n\n\n<div class=\"wp-block-uagb-container uagb-block-32129a2a\">\n<p>Ad MAAS, <br>conservateur du mus\u00e9e de sciences Boerhaave \u00e0 Leyden<\/p>\n<\/div>\n<\/div>\n\n\n\n<div class=\"wp-block-uagb-container uagb-block-d29d9322 default uagb-is-root-container\"><div class=\"uagb-container__shape uagb-container__shape-bottom uagb-container__invert\" data-negative=\"false\"><svg xmlns=\"https:\/\/www.w3.org\/2000\/svg\" viewBox=\"0 0 1000 100\" preserveAspectRatio=\"none\"><path class=\"uagb-container__shape-fill\" d=\"M421.9,6.5c22.6-2.5,51.5,0.4,75.5,5.3c23.6,4.9,70.9,23.5,100.5,35.7c75.8,32.2,133.7,44.5,192.6,49.7  c23.6,2.1,48.7,3.5,103.4-2.5c54.7-6,106.2-25.6,106.2-25.6V0H0v30.3c0,0,72,32.6,158.4,30.5c39.2-0.7,92.8-6.7,134-22.4  c21.2-8.1,52.2-18.2,79.7-24.2C399.3,7.9,411.6,7.5,421.9,6.5z\"><\/path><\/svg><\/div>\n<div class=\"wp-block-uagb-container uagb-block-8b25e7b4\">\n<h3 class=\"wp-block-heading\">United Kingdom<\/h3>\n<\/div>\n\n\n\n<div class=\"wp-block-uagb-container uagb-block-7bbf7143\">\n<p>David DUNSTAN, <br>Professeur de physique exp\u00e9rimental, Queen Mary University of London<\/p>\n<\/div>\n<\/div>\n\n\n\n<div class=\"wp-block-uagb-container uagb-block-9baca2a4 default uagb-is-root-container\"><div class=\"uagb-container__shape uagb-container__shape-bottom uagb-container__invert\" data-negative=\"false\"><svg xmlns=\"https:\/\/www.w3.org\/2000\/svg\" viewBox=\"0 0 1000 100\" preserveAspectRatio=\"none\"><path class=\"uagb-container__shape-fill\" d=\"M421.9,6.5c22.6-2.5,51.5,0.4,75.5,5.3c23.6,4.9,70.9,23.5,100.5,35.7c75.8,32.2,133.7,44.5,192.6,49.7  c23.6,2.1,48.7,3.5,103.4-2.5c54.7-6,106.2-25.6,106.2-25.6V0H0v30.3c0,0,72,32.6,158.4,30.5c39.2-0.7,92.8-6.7,134-22.4  c21.2-8.1,52.2-18.2,79.7-24.2C399.3,7.9,411.6,7.5,421.9,6.5z\"><\/path><\/svg><\/div>\n<div class=\"wp-block-uagb-container uagb-block-00047a42\">\n<h3 class=\"wp-block-heading\">UNITED STATES<\/h3>\n<\/div>\n\n\n\n<p>David RICKETTS, <br>Technology and Entrepreneurship Center, Harvard<\/p>\n<\/div>\n\n\n\n<div class=\"wp-block-uagb-container uagb-block-cbe40772 alignfull uagb-is-root-container\"><div class=\"uagb-container-inner-blocks-wrap\">\n<div class=\"wp-block-uagb-container uagb-block-4248b1b5\"><\/div>\n\n\n\n<div class=\"wp-block-uagb-container uagb-block-18dc4d2b\"><\/div>\n<\/div><\/div>\n","protected":false},"excerpt":{"rendered":"<p>they are our ambassadors &#8230; &#8220;Tomorrow, an electric world&#8221; ambassadors help promote events and projects around the world to mark [&hellip;]<\/p>\n","protected":false},"author":1,"featured_media":0,"parent":109,"menu_order":0,"comment_status":"closed","ping_status":"closed","template":"","meta":{"_uag_custom_page_level_css":"","site-sidebar-layout":"default","site-content-layout":"","ast-site-content-layout":"default","site-content-style":"default","site-sidebar-style":"default","ast-global-header-display":"","ast-banner-title-visibility":"","ast-main-header-display":"","ast-hfb-above-header-display":"","ast-hfb-below-header-display":"","ast-hfb-mobile-header-display":"","site-post-title":"disabled","ast-breadcrumbs-content":"","ast-featured-img":"","footer-sml-layout":"","ast-disable-related-posts":"","theme-transparent-header-meta":"","adv-header-id-meta":"","stick-header-meta":"","header-above-stick-meta":"","header-main-stick-meta":"","header-below-stick-meta":"","astra-migrate-meta-layouts":"default","ast-page-background-enabled":"default","ast-page-background-meta":{"desktop":{"background-color":"var(--ast-global-color-4)","background-image":"","background-repeat":"repeat","background-position":"center center","background-size":"auto","background-attachment":"scroll","background-type":"","background-media":"","overlay-type":"","overlay-color":"","overlay-opacity":"","overlay-gradient":""},"tablet":{"background-color":"","background-image":"","background-repeat":"repeat","background-position":"center center","background-size":"auto","background-attachment":"scroll","background-type":"","background-media":"","overlay-type":"","overlay-color":"","overlay-opacity":"","overlay-gradient":""},"mobile":{"background-color":"","background-image":"","background-repeat":"repeat","background-position":"center center","background-size":"auto","background-attachment":"scroll","background-type":"","background-media":"","overlay-type":"","overlay-color":"","overlay-opacity":"","overlay-gradient":""}},"ast-content-background-meta":{"desktop":{"background-color":"var(--ast-global-color-5)","background-image":"","background-repeat":"repeat","background-position":"center center","background-size":"auto","background-attachment":"scroll","background-type":"","background-media":"","overlay-type":"","overlay-color":"","overlay-opacity":"","overlay-gradient":""},"tablet":{"background-color":"var(--ast-global-color-5)","background-image":"","background-repeat":"repeat","background-position":"center center","background-size":"auto","background-attachment":"scroll","background-type":"","background-media":"","overlay-type":"","overlay-color":"","overlay-opacity":"","overlay-gradient":""},"mobile":{"background-color":"var(--ast-global-color-5)","background-image":"","background-repeat":"repeat","background-position":"center center","background-size":"auto","background-attachment":"scroll","background-type":"","background-media":"","overlay-type":"","overlay-color":"","overlay-opacity":"","overlay-gradient":""}},"footnotes":""},"class_list":["post-1431","page","type-page","status-publish","hentry"],"yoast_head":"<!-- This site is optimized with the Yoast SEO plugin v26.8 - https:\/\/yoast.com\/product\/yoast-seo-wordpress\/ -->\n<title>Ambassadors - Amp\u00e8re 2025 , 250 ans d&#039;Amp\u00e8re<\/title>\n<meta name=\"description\" content=\"Les ambassadeurs de &quot; Demain, un monde \u00e9lectrique &quot; participent \u00e0 promouvoir partout dans le monde les \u00e9v\u00e9nements et les projets.\" \/>\n<meta name=\"robots\" content=\"index, follow, max-snippet:-1, max-image-preview:large, max-video-preview:-1\" \/>\n<link rel=\"canonical\" href=\"https:\/\/ampere2025.fr\/en\/supporters\/ambassadeurs\/\" \/>\n<meta property=\"og:locale\" content=\"en_US\" \/>\n<meta property=\"og:type\" content=\"article\" \/>\n<meta property=\"og:title\" content=\"Ambassadors - Amp\u00e8re 2025 , 250 ans d&#039;Amp\u00e8re\" \/>\n<meta property=\"og:description\" content=\"Les ambassadeurs de &quot; Demain, un monde \u00e9lectrique &quot; participent \u00e0 promouvoir partout dans le monde les \u00e9v\u00e9nements et les projets.\" \/>\n<meta property=\"og:url\" content=\"https:\/\/ampere2025.fr\/en\/supporters\/ambassadeurs\/\" \/>\n<meta property=\"og:site_name\" content=\"Amp\u00e8re 2025\" \/>\n<meta property=\"article:publisher\" content=\"https:\/\/www.facebook.com\/saamapoleymieux69\/\" \/>\n<meta property=\"article:modified_time\" content=\"2024-11-08T16:22:08+00:00\" \/>\n<meta name=\"twitter:card\" content=\"summary_large_image\" \/>\n<meta name=\"twitter:site\" content=\"@amperemaison\" \/>\n<meta name=\"twitter:label1\" content=\"Est. reading time\" \/>\n\t<meta name=\"twitter:data1\" content=\"1 minute\" \/>\n<script type=\"application\/ld+json\" class=\"yoast-schema-graph\">{\"@context\":\"https:\/\/schema.org\",\"@graph\":[{\"@type\":\"WebPage\",\"@id\":\"https:\/\/ampere2025.fr\/en\/supporters\/ambassadeurs\/\",\"url\":\"https:\/\/ampere2025.fr\/en\/supporters\/ambassadeurs\/\",\"name\":\"Ambassadors - Amp\u00e8re 2025 , 250 ans d'Amp\u00e8re\",\"isPartOf\":{\"@id\":\"https:\/\/ampere2025.fr\/en\/#website\"},\"datePublished\":\"2024-02-17T00:18:39+00:00\",\"dateModified\":\"2024-11-08T16:22:08+00:00\",\"description\":\"Les ambassadeurs de \\\" Demain, un monde \u00e9lectrique \\\" participent \u00e0 promouvoir partout dans le monde les \u00e9v\u00e9nements et les projets.\",\"breadcrumb\":{\"@id\":\"https:\/\/ampere2025.fr\/en\/supporters\/ambassadeurs\/#breadcrumb\"},\"inLanguage\":\"en-US\",\"potentialAction\":[{\"@type\":\"ReadAction\",\"target\":[\"https:\/\/ampere2025.fr\/en\/supporters\/ambassadeurs\/\"]}]},{\"@type\":\"BreadcrumbList\",\"@id\":\"https:\/\/ampere2025.fr\/en\/supporters\/ambassadeurs\/#breadcrumb\",\"itemListElement\":[{\"@type\":\"ListItem\",\"position\":1,\"name\":\"Accueil\",\"item\":\"https:\/\/ampere2025.fr\/en\/\"},{\"@type\":\"ListItem\",\"position\":2,\"name\":\"Supporters\",\"item\":\"https:\/\/ampere2025.fr\/en\/supporters\/\"},{\"@type\":\"ListItem\",\"position\":3,\"name\":\"Ambassadors\"}]},{\"@type\":\"WebSite\",\"@id\":\"https:\/\/ampere2025.fr\/en\/#website\",\"url\":\"https:\/\/ampere2025.fr\/en\/\",\"name\":\"Amp\u00e8re 2025\",\"description\":\"Demain, un monde \u00e9lectrique\",\"publisher\":{\"@id\":\"https:\/\/ampere2025.fr\/en\/#organization\"},\"potentialAction\":[{\"@type\":\"SearchAction\",\"target\":{\"@type\":\"EntryPoint\",\"urlTemplate\":\"https:\/\/ampere2025.fr\/en\/?s={search_term_string}\"},\"query-input\":{\"@type\":\"PropertyValueSpecification\",\"valueRequired\":true,\"valueName\":\"search_term_string\"}}],\"inLanguage\":\"en-US\"},{\"@type\":\"Organization\",\"@id\":\"https:\/\/ampere2025.fr\/en\/#organization\",\"name\":\"Amp\u00e8re 2025\",\"url\":\"https:\/\/ampere2025.fr\/en\/\",\"logo\":{\"@type\":\"ImageObject\",\"inLanguage\":\"en-US\",\"@id\":\"https:\/\/ampere2025.fr\/en\/#\/schema\/logo\/image\/\",\"url\":\"https:\/\/ampere2025.fr\/wp-content\/uploads\/2024\/07\/cropped-Bandeau-Ampere-2025-FR-EN-V5-1.png\",\"contentUrl\":\"https:\/\/ampere2025.fr\/wp-content\/uploads\/2024\/07\/cropped-Bandeau-Ampere-2025-FR-EN-V5-1.png\",\"width\":2400,\"height\":399,\"caption\":\"Amp\u00e8re 2025\"},\"image\":{\"@id\":\"https:\/\/ampere2025.fr\/en\/#\/schema\/logo\/image\/\"},\"sameAs\":[\"https:\/\/www.facebook.com\/saamapoleymieux69\/\",\"https:\/\/x.com\/amperemaison\",\"https:\/\/www.instagram.com\/museeampere\"]}]}<\/script>\n<!-- \/ Yoast SEO plugin. -->","yoast_head_json":{"title":"Ambassadors - Amp\u00e8re 2025 , 250 ans d'Amp\u00e8re","description":"Les ambassadeurs de \" Demain, un monde \u00e9lectrique \" participent \u00e0 promouvoir partout dans le monde les \u00e9v\u00e9nements et les projets.","robots":{"index":"index","follow":"follow","max-snippet":"max-snippet:-1","max-image-preview":"max-image-preview:large","max-video-preview":"max-video-preview:-1"},"canonical":"https:\/\/ampere2025.fr\/en\/supporters\/ambassadeurs\/","og_locale":"en_US","og_type":"article","og_title":"Ambassadors - Amp\u00e8re 2025 , 250 ans d'Amp\u00e8re","og_description":"Les ambassadeurs de \" Demain, un monde \u00e9lectrique \" participent \u00e0 promouvoir partout dans le monde les \u00e9v\u00e9nements et les projets.","og_url":"https:\/\/ampere2025.fr\/en\/supporters\/ambassadeurs\/","og_site_name":"Amp\u00e8re 2025","article_publisher":"https:\/\/www.facebook.com\/saamapoleymieux69\/","article_modified_time":"2024-11-08T16:22:08+00:00","twitter_card":"summary_large_image","twitter_site":"@amperemaison","twitter_misc":{"Est. reading time":"1 minute"},"schema":{"@context":"https:\/\/schema.org","@graph":[{"@type":"WebPage","@id":"https:\/\/ampere2025.fr\/en\/supporters\/ambassadeurs\/","url":"https:\/\/ampere2025.fr\/en\/supporters\/ambassadeurs\/","name":"Ambassadors - Amp\u00e8re 2025 , 250 ans d'Amp\u00e8re","isPartOf":{"@id":"https:\/\/ampere2025.fr\/en\/#website"},"datePublished":"2024-02-17T00:18:39+00:00","dateModified":"2024-11-08T16:22:08+00:00","description":"Les ambassadeurs de \" Demain, un monde \u00e9lectrique \" participent \u00e0 promouvoir partout dans le monde les \u00e9v\u00e9nements et les projets.","breadcrumb":{"@id":"https:\/\/ampere2025.fr\/en\/supporters\/ambassadeurs\/#breadcrumb"},"inLanguage":"en-US","potentialAction":[{"@type":"ReadAction","target":["https:\/\/ampere2025.fr\/en\/supporters\/ambassadeurs\/"]}]},{"@type":"BreadcrumbList","@id":"https:\/\/ampere2025.fr\/en\/supporters\/ambassadeurs\/#breadcrumb","itemListElement":[{"@type":"ListItem","position":1,"name":"Accueil","item":"https:\/\/ampere2025.fr\/en\/"},{"@type":"ListItem","position":2,"name":"Supporters","item":"https:\/\/ampere2025.fr\/en\/supporters\/"},{"@type":"ListItem","position":3,"name":"Ambassadors"}]},{"@type":"WebSite","@id":"https:\/\/ampere2025.fr\/en\/#website","url":"https:\/\/ampere2025.fr\/en\/","name":"Amp\u00e8re 2025","description":"Demain, un monde \u00e9lectrique","publisher":{"@id":"https:\/\/ampere2025.fr\/en\/#organization"},"potentialAction":[{"@type":"SearchAction","target":{"@type":"EntryPoint","urlTemplate":"https:\/\/ampere2025.fr\/en\/?s={search_term_string}"},"query-input":{"@type":"PropertyValueSpecification","valueRequired":true,"valueName":"search_term_string"}}],"inLanguage":"en-US"},{"@type":"Organization","@id":"https:\/\/ampere2025.fr\/en\/#organization","name":"Amp\u00e8re 2025","url":"https:\/\/ampere2025.fr\/en\/","logo":{"@type":"ImageObject","inLanguage":"en-US","@id":"https:\/\/ampere2025.fr\/en\/#\/schema\/logo\/image\/","url":"https:\/\/ampere2025.fr\/wp-content\/uploads\/2024\/07\/cropped-Bandeau-Ampere-2025-FR-EN-V5-1.png","contentUrl":"https:\/\/ampere2025.fr\/wp-content\/uploads\/2024\/07\/cropped-Bandeau-Ampere-2025-FR-EN-V5-1.png","width":2400,"height":399,"caption":"Amp\u00e8re 2025"},"image":{"@id":"https:\/\/ampere2025.fr\/en\/#\/schema\/logo\/image\/"},"sameAs":["https:\/\/www.facebook.com\/saamapoleymieux69\/","https:\/\/x.com\/amperemaison","https:\/\/www.instagram.com\/museeampere"]}]}},"uagb_featured_image_src":{"full":false,"thumbnail":false,"medium":false,"medium_large":false,"large":false,"1536x1536":false,"2048x2048":false},"uagb_author_info":{"display_name":"admin","author_link":"https:\/\/ampere2025.fr\/en\/author\/admin\/"},"uagb_comment_info":0,"uagb_excerpt":"they are our ambassadors &#8230; &#8220;Tomorrow, an electric world&#8221; ambassadors help promote events and projects around the world to mark [&hellip;]","_links":{"self":[{"href":"https:\/\/ampere2025.fr\/en\/wp-json\/wp\/v2\/pages\/1431","targetHints":{"allow":["GET"]}}],"collection":[{"href":"https:\/\/ampere2025.fr\/en\/wp-json\/wp\/v2\/pages"}],"about":[{"href":"https:\/\/ampere2025.fr\/en\/wp-json\/wp\/v2\/types\/page"}],"author":[{"embeddable":true,"href":"https:\/\/ampere2025.fr\/en\/wp-json\/wp\/v2\/users\/1"}],"replies":[{"embeddable":true,"href":"https:\/\/ampere2025.fr\/en\/wp-json\/wp\/v2\/comments?post=1431"}],"version-history":[{"count":3,"href":"https:\/\/ampere2025.fr\/en\/wp-json\/wp\/v2\/pages\/1431\/revisions"}],"predecessor-version":[{"id":2667,"href":"https:\/\/ampere2025.fr\/en\/wp-json\/wp\/v2\/pages\/1431\/revisions\/2667"}],"up":[{"embeddable":true,"href":"https:\/\/ampere2025.fr\/en\/wp-json\/wp\/v2\/pages\/109"}],"wp:attachment":[{"href":"https:\/\/ampere2025.fr\/en\/wp-json\/wp\/v2\/media?parent=1431"}],"curies":[{"name":"wp","href":"https:\/\/api.w.org\/{rel}","templated":true}]}}