{"id":1656,"date":"2024-02-17T00:19:09","date_gmt":"2024-02-16T23:19:09","guid":{"rendered":"https:\/\/ampere2025.fr\/politique-de-confidentialite\/"},"modified":"2024-04-27T18:46:46","modified_gmt":"2024-04-27T16:46:46","slug":"politique-de-confidentialite","status":"publish","type":"page","link":"https:\/\/ampere2025.fr\/en\/politique-de-confidentialite\/","title":{"rendered":"Legal notices"},"content":{"rendered":"\n<h1 class=\"wp-block-heading\">Legal Notices<\/h1>\n\n\n\n<h2 class=\"wp-block-heading\">legal informations<\/h2>\n\n\n\n<p style=\"margin-top:0;margin-left:3em\">In accordance with the provisions of french Law No. 2004-575 of 21 June 2004 on confidence in the digital economy, users of the ampere2025 website are informed of the identity of the various parties involved in its creation and monitoring.<\/p>\n\n\n\n<h3 class=\"wp-block-heading\" style=\"margin-top:1em;margin-bottom:0px;padding-top:0em;padding-bottom:0em\">Site presentation<\/h3>\n\n\n\n<p style=\"margin-top:0;margin-left:3em\">This Amp\u00e8re2025 website can be accessed at the URL https:\/\/ampere2025.fr\/,<\/p>\n\n\n\n<ul class=\"wp-block-list\">\n<li style=\"margin-top:0px;margin-left:3em\"><strong>Owner<\/strong> : SAAMA &#8211; Soci\u00e9t\u00e9 des Amis d&#8217;Andr\u00e9-Marie Amp\u00e8re, a registered charity, registered with the Prefecture of the Rh\u00f4ne (69) under number W69108606, &#8211; 300 route d&#8217;Amp\u00e8re 69250 POLEYMIEUX AU MONT D&#8217;OR,<\/li>\n\n\n\n<li style=\"margin-top:0px;margin-left:3em\"><strong>Publication manager<\/strong> : Alfonso SAN MIGUEL, duly authorised.<\/li>\n\n\n\n<li style=\"margin-top:0px;margin-left:3em\"><strong>Host <\/strong>: the site is hosted on the OVH SAS server located in France (Hauts de France) via the EX2 service company &#8211; EX2 INC &#8211; CP 20031 BP Pharmacie Brunet &#8211; Chicoutimi &#8211; Quebec G7H 7S2 &#8211; CANADA<\/li>\n<\/ul>\n\n\n\n<h3 class=\"wp-block-heading\"><strong>General terms and conditions of use of the site and the services offered<\/strong><\/h3>\n\n\n\n<p style=\"margin-top:0;margin-left:3em\">Use of the ampere2025.fr website implies full acceptance of the general conditions of use set out below. These conditions of use may be amended or supplemented at any time. Users of the ampere2025.fr website are therefore advised to consult them regularly.<\/p>\n\n\n\n<p style=\"margin-top:0;margin-left:3em\">This site is usually accessible to users at all times. However, Saama may decide to interrupt the site for technical maintenance purposes. Saama will endeavour to inform users in advance of the dates and times of such interruptions.<\/p>\n\n\n\n<p style=\"margin-top:0;margin-left:3em\">The ampere2025.fr website is regularly updated by members of the association. Similarly, the legal notices may be modified at any time: they are nevertheless binding on the user, who is invited to refer to them as often as possible in order to read them.<\/p>\n\n\n\n<h3 class=\"wp-block-heading\" style=\"margin-top:1em;margin-bottom:0px;padding-top:0em;padding-bottom:0em\"><strong>Description of services provided<\/strong><\/h3>\n\n\n\n<p style=\"margin-top:0;margin-left:3em\">The purpose of the ampere2025 website is to provide information on all events related to &#8220;Tomorrow, an electric world&#8221; in commemoration of the 250th anniversary of the birth of Andr\u00e9-Marie Amp\u00e8re.<\/p>\n\n\n\n<p style=\"margin-top:0;margin-left:3em\">Saama endeavours to provide information on the ampere2025.fr website that is as accurate as possible. However, it cannot be held responsible for any omissions, inaccuracies or failures to update information, whether these are its fault or the fault of third-party partners who provide it with this information.<\/p>\n\n\n\n<p style=\"margin-top:0;margin-left:3em\">All information provided on the ampere2025.fr website is given for guidance only and is subject to change. Furthermore, the information on the ampere2025.fr website is not exhaustive. It is subject to changes having been made since it was put online.<\/p>\n\n\n\n<h3 class=\"wp-block-heading\" style=\"margin-top:1em;margin-bottom:0px;padding-top:0em;padding-bottom:0em\"><strong>Intellectual Property and Counterfeiting<\/strong><\/h3>\n\n\n\n<p style=\"margin-top:0;margin-left:3em\">SAAMA is the owner of the intellectual property rights or holds the rights of use on all the elements accessible on the site, in particular the texts, images, graphics, logos, icons, sounds and software.<\/p>\n\n\n\n<p style=\"margin-top:0;margin-left:3em\">Any reproduction, representation, modification, publication, adaptation of all or part of the elements of the site, whatever the means or process used, is prohibited, except with the prior written permission of SAAMA.<\/p>\n\n\n\n<p style=\"margin-top:0;margin-left:3em\">Any unauthorised use of the site or of any of the elements it contains will be considered as constituting an infringement and will be prosecuted in accordance with the provisions of articles L.335-2 et seq. of the French Intellectual Property Code.<\/p>\n\n\n\n<h1 class=\"wp-block-heading\">Personal data protection<\/h1>\n\n\n\n<p style=\"margin-top:0;margin-left:3em\">The processing of your personal data is governed by our Privacy Charter, available from the section below , in accordance with the General Data Protection Regulation 2016\/679 of 27 April 2016 (&#8220;GDPR&#8221;).<\/p>\n\n\n\n<p style=\"margin-top:0;margin-left:3em\">Soci\u00e9t\u00e9 des Amis d&#8217;Andr\u00e9-Marie Amp\u00e8re attaches great importance to protecting the privacy and personal data of its users. This Privacy Policy describes how we collect, use, store and protect the information you provide to us when you use our website.<\/p>\n\n\n\n<h3 class=\"wp-block-heading\" style=\"margin-top:1em;margin-bottom:0px;padding-top:0em;padding-bottom:0em\"><strong>Collection and Use of Personal Data<\/strong><\/h3>\n\n\n\n<p style=\"margin-top:0;margin-left:3em\">When you use our website, we may collect some personal information about you, such as your name, e-mail address, telephone number, etc. We collect this information in order to provide you with our services, to respond to your requests, to inform you about our activities and events, and to offer you a personalised experience on our website. We collect this information in order to provide you with our services, to respond to your requests, to inform you about our activities and events, and to offer you a personalised experience on our site.<\/p>\n\n\n\n<p style=\"margin-top:0;margin-left:3em\">We only collect the personal data necessary for these purposes and we only use it to the extent necessary to achieve these specific objectives. We do not sell, rent or share your personal information with third parties for marketing purposes without your explicit consent.<\/p>\n\n\n\n<h3 class=\"wp-block-heading\" style=\"margin-top:1em;margin-bottom:0px;padding-top:0em;padding-bottom:0em\"><strong>Storage and Data Protection<\/strong><\/h3>\n\n\n\n<p style=\"margin-top:0;margin-left:3em\">We take reasonable steps to protect your personal information against loss, theft, unauthorised access, disclosure, alteration or destruction. We use standard security protocols and encryption technologies to protect the confidentiality and integrity of your personal data.<\/p>\n\n\n\n<h3 class=\"wp-block-heading\" style=\"margin-top:1em;margin-bottom:0px;padding-top:0em;padding-bottom:0em\"><strong>Access and Control of Your Personal Data<\/strong><\/h3>\n\n\n\n<p style=\"margin-top:0;margin-left:3em\">You have the right to access, correct, update or delete your personal information at any time. You may also restrict or withdraw your consent to the use or processing of your personal data.<\/p>\n\n\n\n<p style=\"margin-top:0;margin-left:3em\">To exercise these rights or if you have any questions about our use of your personal data, please contact us using the information provided in the &#8220;Contact us&#8221; section below.<\/p>\n\n\n\n<h3 class=\"wp-block-heading\" style=\"margin-top:1em;margin-bottom:0px;padding-top:0em;padding-bottom:0em\">contact Forms<\/h3>\n\n\n\n<p style=\"margin-top:0;margin-left:3em\">The data collected via the forms on the ampere2025.fr website is kept solely for the purpose of processing the request made via the form. It is not used for commercial purposes.<\/p>\n\n\n\n<h3 class=\"wp-block-heading\" style=\"margin-top:1em;margin-bottom:0px;padding-top:0em;padding-bottom:0em\"><strong>Changes to the Privacy Policy<\/strong><\/h3>\n\n\n\n<p style=\"margin-top:0;margin-left:3em\">We reserve the right to modify this Privacy Policy at any time. Any changes will be posted on this page with an updated revision date. We encourage you to check this page regularly to stay informed of any changes to our Privacy Policy.<\/p>\n\n\n\n<h3 class=\"wp-block-heading\" style=\"margin-top:1em;margin-bottom:0px;padding-top:0em;padding-bottom:0em\"><strong>Contact us<\/strong><\/h3>\n\n\n\n<p style=\"margin-top:0;margin-left:3em\">If you have any questions, concerns or comments about this Privacy Policy or our privacy practices, please contact us by e-mail at contact@ampere2025.fr.<\/p>\n\n\n\n<p><\/p>\n\n\n\n<hr class=\"wp-block-separator has-alpha-channel-opacity\"\/>\n\n\n\n<p><\/p>\n","protected":false},"excerpt":{"rendered":"<p>Legal Notices legal informations In accordance with the provisions of french Law No. 2004-575 of 21 June 2004 on confidence [&hellip;]<\/p>\n","protected":false},"author":1,"featured_media":0,"parent":0,"menu_order":0,"comment_status":"closed","ping_status":"open","template":"","meta":{"_uag_custom_page_level_css":"","site-sidebar-layout":"default","site-content-layout":"","ast-site-content-layout":"default","site-content-style":"default","site-sidebar-style":"default","ast-global-header-display":"","ast-banner-title-visibility":"","ast-main-header-display":"","ast-hfb-above-header-display":"","ast-hfb-below-header-display":"","ast-hfb-mobile-header-display":"","site-post-title":"disabled","ast-breadcrumbs-content":"","ast-featured-img":"","footer-sml-layout":"","ast-disable-related-posts":"","theme-transparent-header-meta":"","adv-header-id-meta":"","stick-header-meta":"","header-above-stick-meta":"","header-main-stick-meta":"","header-below-stick-meta":"","astra-migrate-meta-layouts":"default","ast-page-background-enabled":"default","ast-page-background-meta":{"desktop":{"background-color":"var(--ast-global-color-4)","background-image":"","background-repeat":"repeat","background-position":"center center","background-size":"auto","background-attachment":"scroll","background-type":"","background-media":"","overlay-type":"","overlay-color":"","overlay-opacity":"","overlay-gradient":""},"tablet":{"background-color":"","background-image":"","background-repeat":"repeat","background-position":"center center","background-size":"auto","background-attachment":"scroll","background-type":"","background-media":"","overlay-type":"","overlay-color":"","overlay-opacity":"","overlay-gradient":""},"mobile":{"background-color":"","background-image":"","background-repeat":"repeat","background-position":"center center","background-size":"auto","background-attachment":"scroll","background-type":"","background-media":"","overlay-type":"","overlay-color":"","overlay-opacity":"","overlay-gradient":""}},"ast-content-background-meta":{"desktop":{"background-color":"var(--ast-global-color-5)","background-image":"","background-repeat":"repeat","background-position":"center center","background-size":"auto","background-attachment":"scroll","background-type":"","background-media":"","overlay-type":"","overlay-color":"","overlay-opacity":"","overlay-gradient":""},"tablet":{"background-color":"var(--ast-global-color-5)","background-image":"","background-repeat":"repeat","background-position":"center center","background-size":"auto","background-attachment":"scroll","background-type":"","background-media":"","overlay-type":"","overlay-color":"","overlay-opacity":"","overlay-gradient":""},"mobile":{"background-color":"var(--ast-global-color-5)","background-image":"","background-repeat":"repeat","background-position":"center center","background-size":"auto","background-attachment":"scroll","background-type":"","background-media":"","overlay-type":"","overlay-color":"","overlay-opacity":"","overlay-gradient":""}},"footnotes":""},"class_list":["post-1656","page","type-page","status-publish","hentry"],"yoast_head":"<!-- This site is optimized with the Yoast SEO plugin v26.8 - https:\/\/yoast.com\/product\/yoast-seo-wordpress\/ -->\n<title>Legal notices - Amp\u00e8re 2025<\/title>\n<meta name=\"robots\" content=\"index, follow, max-snippet:-1, max-image-preview:large, max-video-preview:-1\" \/>\n<link rel=\"canonical\" href=\"https:\/\/ampere2025.fr\/en\/politique-de-confidentialite\/\" \/>\n<meta property=\"og:locale\" content=\"en_US\" \/>\n<meta property=\"og:type\" content=\"article\" \/>\n<meta property=\"og:title\" content=\"Legal notices - Amp\u00e8re 2025\" \/>\n<meta property=\"og:description\" content=\"Legal Notices legal informations In accordance with the provisions of french Law No. 2004-575 of 21 June 2004 on confidence [&hellip;]\" \/>\n<meta property=\"og:url\" content=\"https:\/\/ampere2025.fr\/en\/politique-de-confidentialite\/\" \/>\n<meta property=\"og:site_name\" content=\"Amp\u00e8re 2025\" \/>\n<meta property=\"article:publisher\" content=\"https:\/\/www.facebook.com\/saamapoleymieux69\/\" \/>\n<meta property=\"article:modified_time\" content=\"2024-04-27T16:46:46+00:00\" \/>\n<meta name=\"twitter:card\" content=\"summary_large_image\" \/>\n<meta name=\"twitter:site\" content=\"@amperemaison\" \/>\n<meta name=\"twitter:label1\" content=\"Est. reading time\" \/>\n\t<meta name=\"twitter:data1\" content=\"5 minutes\" \/>\n<script type=\"application\/ld+json\" class=\"yoast-schema-graph\">{\"@context\":\"https:\/\/schema.org\",\"@graph\":[{\"@type\":\"WebPage\",\"@id\":\"https:\/\/ampere2025.fr\/en\/politique-de-confidentialite\/\",\"url\":\"https:\/\/ampere2025.fr\/en\/politique-de-confidentialite\/\",\"name\":\"Legal notices - Amp\u00e8re 2025\",\"isPartOf\":{\"@id\":\"https:\/\/ampere2025.fr\/en\/#website\"},\"datePublished\":\"2024-02-16T23:19:09+00:00\",\"dateModified\":\"2024-04-27T16:46:46+00:00\",\"breadcrumb\":{\"@id\":\"https:\/\/ampere2025.fr\/en\/politique-de-confidentialite\/#breadcrumb\"},\"inLanguage\":\"en-US\",\"potentialAction\":[{\"@type\":\"ReadAction\",\"target\":[\"https:\/\/ampere2025.fr\/en\/politique-de-confidentialite\/\"]}]},{\"@type\":\"BreadcrumbList\",\"@id\":\"https:\/\/ampere2025.fr\/en\/politique-de-confidentialite\/#breadcrumb\",\"itemListElement\":[{\"@type\":\"ListItem\",\"position\":1,\"name\":\"Accueil\",\"item\":\"https:\/\/ampere2025.fr\/en\/\"},{\"@type\":\"ListItem\",\"position\":2,\"name\":\"Legal notices\"}]},{\"@type\":\"WebSite\",\"@id\":\"https:\/\/ampere2025.fr\/en\/#website\",\"url\":\"https:\/\/ampere2025.fr\/en\/\",\"name\":\"Amp\u00e8re 2025\",\"description\":\"Demain, un monde \u00e9lectrique\",\"publisher\":{\"@id\":\"https:\/\/ampere2025.fr\/en\/#organization\"},\"potentialAction\":[{\"@type\":\"SearchAction\",\"target\":{\"@type\":\"EntryPoint\",\"urlTemplate\":\"https:\/\/ampere2025.fr\/en\/?s={search_term_string}\"},\"query-input\":{\"@type\":\"PropertyValueSpecification\",\"valueRequired\":true,\"valueName\":\"search_term_string\"}}],\"inLanguage\":\"en-US\"},{\"@type\":\"Organization\",\"@id\":\"https:\/\/ampere2025.fr\/en\/#organization\",\"name\":\"Amp\u00e8re 2025\",\"url\":\"https:\/\/ampere2025.fr\/en\/\",\"logo\":{\"@type\":\"ImageObject\",\"inLanguage\":\"en-US\",\"@id\":\"https:\/\/ampere2025.fr\/en\/#\/schema\/logo\/image\/\",\"url\":\"https:\/\/ampere2025.fr\/wp-content\/uploads\/2024\/07\/cropped-Bandeau-Ampere-2025-FR-EN-V5-1.png\",\"contentUrl\":\"https:\/\/ampere2025.fr\/wp-content\/uploads\/2024\/07\/cropped-Bandeau-Ampere-2025-FR-EN-V5-1.png\",\"width\":2400,\"height\":399,\"caption\":\"Amp\u00e8re 2025\"},\"image\":{\"@id\":\"https:\/\/ampere2025.fr\/en\/#\/schema\/logo\/image\/\"},\"sameAs\":[\"https:\/\/www.facebook.com\/saamapoleymieux69\/\",\"https:\/\/x.com\/amperemaison\",\"https:\/\/www.instagram.com\/museeampere\"]}]}<\/script>\n<!-- \/ Yoast SEO plugin. -->","yoast_head_json":{"title":"Legal notices - Amp\u00e8re 2025","robots":{"index":"index","follow":"follow","max-snippet":"max-snippet:-1","max-image-preview":"max-image-preview:large","max-video-preview":"max-video-preview:-1"},"canonical":"https:\/\/ampere2025.fr\/en\/politique-de-confidentialite\/","og_locale":"en_US","og_type":"article","og_title":"Legal notices - Amp\u00e8re 2025","og_description":"Legal Notices legal informations In accordance with the provisions of french Law No. 2004-575 of 21 June 2004 on confidence [&hellip;]","og_url":"https:\/\/ampere2025.fr\/en\/politique-de-confidentialite\/","og_site_name":"Amp\u00e8re 2025","article_publisher":"https:\/\/www.facebook.com\/saamapoleymieux69\/","article_modified_time":"2024-04-27T16:46:46+00:00","twitter_card":"summary_large_image","twitter_site":"@amperemaison","twitter_misc":{"Est. reading time":"5 minutes"},"schema":{"@context":"https:\/\/schema.org","@graph":[{"@type":"WebPage","@id":"https:\/\/ampere2025.fr\/en\/politique-de-confidentialite\/","url":"https:\/\/ampere2025.fr\/en\/politique-de-confidentialite\/","name":"Legal notices - Amp\u00e8re 2025","isPartOf":{"@id":"https:\/\/ampere2025.fr\/en\/#website"},"datePublished":"2024-02-16T23:19:09+00:00","dateModified":"2024-04-27T16:46:46+00:00","breadcrumb":{"@id":"https:\/\/ampere2025.fr\/en\/politique-de-confidentialite\/#breadcrumb"},"inLanguage":"en-US","potentialAction":[{"@type":"ReadAction","target":["https:\/\/ampere2025.fr\/en\/politique-de-confidentialite\/"]}]},{"@type":"BreadcrumbList","@id":"https:\/\/ampere2025.fr\/en\/politique-de-confidentialite\/#breadcrumb","itemListElement":[{"@type":"ListItem","position":1,"name":"Accueil","item":"https:\/\/ampere2025.fr\/en\/"},{"@type":"ListItem","position":2,"name":"Legal notices"}]},{"@type":"WebSite","@id":"https:\/\/ampere2025.fr\/en\/#website","url":"https:\/\/ampere2025.fr\/en\/","name":"Amp\u00e8re 2025","description":"Demain, un monde \u00e9lectrique","publisher":{"@id":"https:\/\/ampere2025.fr\/en\/#organization"},"potentialAction":[{"@type":"SearchAction","target":{"@type":"EntryPoint","urlTemplate":"https:\/\/ampere2025.fr\/en\/?s={search_term_string}"},"query-input":{"@type":"PropertyValueSpecification","valueRequired":true,"valueName":"search_term_string"}}],"inLanguage":"en-US"},{"@type":"Organization","@id":"https:\/\/ampere2025.fr\/en\/#organization","name":"Amp\u00e8re 2025","url":"https:\/\/ampere2025.fr\/en\/","logo":{"@type":"ImageObject","inLanguage":"en-US","@id":"https:\/\/ampere2025.fr\/en\/#\/schema\/logo\/image\/","url":"https:\/\/ampere2025.fr\/wp-content\/uploads\/2024\/07\/cropped-Bandeau-Ampere-2025-FR-EN-V5-1.png","contentUrl":"https:\/\/ampere2025.fr\/wp-content\/uploads\/2024\/07\/cropped-Bandeau-Ampere-2025-FR-EN-V5-1.png","width":2400,"height":399,"caption":"Amp\u00e8re 2025"},"image":{"@id":"https:\/\/ampere2025.fr\/en\/#\/schema\/logo\/image\/"},"sameAs":["https:\/\/www.facebook.com\/saamapoleymieux69\/","https:\/\/x.com\/amperemaison","https:\/\/www.instagram.com\/museeampere"]}]}},"uagb_featured_image_src":{"full":false,"thumbnail":false,"medium":false,"medium_large":false,"large":false,"1536x1536":false,"2048x2048":false},"uagb_author_info":{"display_name":"admin","author_link":"https:\/\/ampere2025.fr\/en\/author\/admin\/"},"uagb_comment_info":0,"uagb_excerpt":"Legal Notices legal informations In accordance with the provisions of french Law No. 2004-575 of 21 June 2004 on confidence [&hellip;]","_links":{"self":[{"href":"https:\/\/ampere2025.fr\/en\/wp-json\/wp\/v2\/pages\/1656","targetHints":{"allow":["GET"]}}],"collection":[{"href":"https:\/\/ampere2025.fr\/en\/wp-json\/wp\/v2\/pages"}],"about":[{"href":"https:\/\/ampere2025.fr\/en\/wp-json\/wp\/v2\/types\/page"}],"author":[{"embeddable":true,"href":"https:\/\/ampere2025.fr\/en\/wp-json\/wp\/v2\/users\/1"}],"replies":[{"embeddable":true,"href":"https:\/\/ampere2025.fr\/en\/wp-json\/wp\/v2\/comments?post=1656"}],"version-history":[{"count":0,"href":"https:\/\/ampere2025.fr\/en\/wp-json\/wp\/v2\/pages\/1656\/revisions"}],"wp:attachment":[{"href":"https:\/\/ampere2025.fr\/en\/wp-json\/wp\/v2\/media?parent=1656"}],"curies":[{"name":"wp","href":"https:\/\/api.w.org\/{rel}","templated":true}]}}