{"id":719,"date":"2024-02-17T01:13:32","date_gmt":"2024-02-17T00:13:32","guid":{"rendered":"https:\/\/ampere2025.fr\/?page_id=719"},"modified":"2024-11-25T11:28:21","modified_gmt":"2024-11-25T10:28:21","slug":"mentors","status":"publish","type":"page","link":"https:\/\/ampere2025.fr\/en\/supporters\/mentors\/","title":{"rendered":"Parrains (EN)"},"content":{"rendered":"\n<h1 class=\"wp-block-heading\">Mentoring of &#8220;Tomorrow, an electric world&#8221;<\/h1>\n\n\n\n<p>The celebration of 250th Andr\u00e9-Marie Amp\u00e8re&#8217;s birthday is honored to have an exceptional godmother and godfathers : Anne L\u2019Huillier, Alain Aspect and G\u00e9rard Mourou, Nobel Prize winners in Physics in 2023, 2022 and 2018 respectively.<\/p>\n\n\n\n<div class=\"wp-block-columns is-layout-flex wp-container-core-columns-is-layout-28f84493 wp-block-columns-is-layout-flex\">\n<div class=\"wp-block-column is-layout-flow wp-block-column-is-layout-flow\">\n<figure class=\"wp-block-image alignright size-full is-resized has-custom-border\"><img loading=\"lazy\" decoding=\"async\" width=\"520\" height=\"735\" src=\"https:\/\/ampere2025.fr\/wp-content\/uploads\/2024\/02\/Anne-LHuillier-1.jpg\" alt=\"\" class=\"has-border-color wp-image-720\" style=\"border-color:var(--ast-global-color-5);border-width:2px;border-radius:8px;width:250px\" srcset=\"https:\/\/ampere2025.fr\/wp-content\/uploads\/2024\/02\/Anne-LHuillier-1.jpg 520w, https:\/\/ampere2025.fr\/wp-content\/uploads\/2024\/02\/Anne-LHuillier-1-212x300.jpg 212w\" sizes=\"auto, (max-width: 520px) 100vw, 520px\" \/><\/figure>\n<\/div>\n\n\n\n<div class=\"wp-block-column is-layout-flow wp-block-column-is-layout-flow\">\n<p><strong>Anne L\u2019Huillier, <\/strong>a Franco-Swedish physicist, has developed methods for producing ultra-short laser pulses, on the order of attoseconds (one billionth of one billionth of a second), These methods enable her to image movement of electrons in atoms and molecules. Joint winner of the 2023 Nobel Prize with Pierre Agostini and Ferenc Krausz, Anne L&#8217;Huillier is the second French woman to win the Nobel Prize in Physics after Marie Curie in 1903.<\/p>\n<\/div>\n<\/div>\n\n\n\n<div class=\"wp-block-columns is-layout-flex wp-container-core-columns-is-layout-28f84493 wp-block-columns-is-layout-flex\">\n<div class=\"wp-block-column is-layout-flow wp-block-column-is-layout-flow\">\n<div class=\"wp-block-uagb-image alignright uagb-block-413f5e1c wp-block-uagb-image--layout-default wp-block-uagb-image--effect-static wp-block-uagb-image--align-right\"><figure class=\"wp-block-uagb-image__figure\"><img decoding=\"async\" srcset=\"https:\/\/ampere2025.fr\/wp-content\/uploads\/2024\/02\/Alain-Aspect-2.jpg ,https:\/\/ampere2025.fr\/wp-content\/uploads\/2024\/02\/Alain-Aspect-2.jpg 780w, https:\/\/ampere2025.fr\/wp-content\/uploads\/2024\/02\/Alain-Aspect-2.jpg 360w\" sizes=\"auto, (max-width: 480px) 150px\" src=\"https:\/\/ampere2025.fr\/wp-content\/uploads\/2024\/02\/Alain-Aspect-2.jpg\" alt=\"\" class=\"uag-image-632\" width=\"250\" height=\"19\" title=\"\" loading=\"lazy\" role=\"img\"\/><\/figure><\/div>\n<\/div>\n\n\n\n<div class=\"wp-block-column is-layout-flow wp-block-column-is-layout-flow\">\n<p><strong>Alain Aspect, <\/strong>a French physicist, conceived and conducted fundamental experiments in physics that laid the foundations of quantum entanglement, a key element of quantum technologies. He was awarded the Nobel Prize in Physics in 2022 jointly with John Clauser and Anton Zeilinger. Alain Aspect notably settled the longstanding debate between Albert Einstein and Niels Bohr on the foundations of quantum mechanics, ultimately siding with the latter.<\/p>\n<\/div>\n<\/div>\n\n\n\n<div class=\"wp-block-columns is-layout-flex wp-container-core-columns-is-layout-28f84493 wp-block-columns-is-layout-flex\">\n<div class=\"wp-block-column is-layout-flow wp-block-column-is-layout-flow\">\n<div class=\"wp-block-columns is-layout-flex wp-container-core-columns-is-layout-28f84493 wp-block-columns-is-layout-flex\">\n<div class=\"wp-block-column is-layout-flow wp-block-column-is-layout-flow\">\n<div class=\"wp-block-uagb-image alignright uagb-block-1858d656 wp-block-uagb-image--layout-default wp-block-uagb-image--effect-static wp-block-uagb-image--align-right\"><figure class=\"wp-block-uagb-image__figure\"><img decoding=\"async\" srcset=\"https:\/\/ampere2025.fr\/wp-content\/uploads\/2024\/09\/Gerard-Mourou-683x1024.jpg ,https:\/\/ampere2025.fr\/wp-content\/uploads\/2024\/09\/Gerard-Mourou.jpg 780w, https:\/\/ampere2025.fr\/wp-content\/uploads\/2024\/09\/Gerard-Mourou.jpg 360w\" sizes=\"auto, (max-width: 480px) 150px\" src=\"https:\/\/ampere2025.fr\/wp-content\/uploads\/2024\/09\/Gerard-Mourou-683x1024.jpg\" alt=\"\" class=\"uag-image-2511\" width=\"250\" height=\"625\" title=\"Gerard-Mourou\" loading=\"lazy\" role=\"img\"\/><\/figure><\/div>\n<\/div>\n\n\n\n<div class=\"wp-block-column is-layout-flow wp-block-column-is-layout-flow\">\n<p><strong>G\u00e9rard Mourou<\/strong>, a French physicist, developed the CPS (chirped pulse amplification) technique for amplifying laser radiation. This innovation has enabled the creation of extremely short laser pulses, of the order of a femtosecond (one quadrillionth of a second), revolutionising imaging and analysis techniques on unprecedented time scales. Joint winner of the 2018 Nobel Prize in Physics with Donna Strickland, G\u00e9rard Mourou has paved the way for numerous applications in medicine, physics and engineering.<\/p>\n<\/div>\n<\/div>\n<\/div>\n<\/div>\n\n\n\n<p>\/<\/p>\n\n\n\n<p><\/p>\n","protected":false},"excerpt":{"rendered":"<p>Mentoring of &#8220;Tomorrow, an electric world&#8221; The celebration of 250th Andr\u00e9-Marie Amp\u00e8re&#8217;s birthday is honored to have an exceptional godmother [&hellip;]<\/p>\n","protected":false},"author":1,"featured_media":0,"parent":109,"menu_order":0,"comment_status":"closed","ping_status":"closed","template":"","meta":{"_uag_custom_page_level_css":"","site-sidebar-layout":"default","site-content-layout":"","ast-site-content-layout":"default","site-content-style":"default","site-sidebar-style":"default","ast-global-header-display":"","ast-banner-title-visibility":"","ast-main-header-display":"","ast-hfb-above-header-display":"","ast-hfb-below-header-display":"","ast-hfb-mobile-header-display":"","site-post-title":"disabled","ast-breadcrumbs-content":"","ast-featured-img":"","footer-sml-layout":"","ast-disable-related-posts":"","theme-transparent-header-meta":"","adv-header-id-meta":"","stick-header-meta":"","header-above-stick-meta":"","header-main-stick-meta":"","header-below-stick-meta":"","astra-migrate-meta-layouts":"default","ast-page-background-enabled":"default","ast-page-background-meta":{"desktop":{"background-color":"var(--ast-global-color-4)","background-image":"","background-repeat":"repeat","background-position":"center center","background-size":"auto","background-attachment":"scroll","background-type":"","background-media":"","overlay-type":"","overlay-color":"","overlay-opacity":"","overlay-gradient":""},"tablet":{"background-color":"","background-image":"","background-repeat":"repeat","background-position":"center center","background-size":"auto","background-attachment":"scroll","background-type":"","background-media":"","overlay-type":"","overlay-color":"","overlay-opacity":"","overlay-gradient":""},"mobile":{"background-color":"","background-image":"","background-repeat":"repeat","background-position":"center center","background-size":"auto","background-attachment":"scroll","background-type":"","background-media":"","overlay-type":"","overlay-color":"","overlay-opacity":"","overlay-gradient":""}},"ast-content-background-meta":{"desktop":{"background-color":"var(--ast-global-color-5)","background-image":"","background-repeat":"repeat","background-position":"center center","background-size":"auto","background-attachment":"scroll","background-type":"","background-media":"","overlay-type":"","overlay-color":"","overlay-opacity":"","overlay-gradient":""},"tablet":{"background-color":"var(--ast-global-color-5)","background-image":"","background-repeat":"repeat","background-position":"center center","background-size":"auto","background-attachment":"scroll","background-type":"","background-media":"","overlay-type":"","overlay-color":"","overlay-opacity":"","overlay-gradient":""},"mobile":{"background-color":"var(--ast-global-color-5)","background-image":"","background-repeat":"repeat","background-position":"center center","background-size":"auto","background-attachment":"scroll","background-type":"","background-media":"","overlay-type":"","overlay-color":"","overlay-opacity":"","overlay-gradient":""}},"footnotes":""},"class_list":["post-719","page","type-page","status-publish","hentry"],"yoast_head":"<!-- This site is optimized with the Yoast SEO plugin v26.8 - https:\/\/yoast.com\/product\/yoast-seo-wordpress\/ -->\n<title>Parrains (EN) - Amp\u00e8re 2025<\/title>\n<meta name=\"robots\" content=\"index, follow, max-snippet:-1, max-image-preview:large, max-video-preview:-1\" \/>\n<link rel=\"canonical\" href=\"https:\/\/ampere2025.fr\/en\/supporters\/mentors\/\" \/>\n<meta property=\"og:locale\" content=\"en_US\" \/>\n<meta property=\"og:type\" content=\"article\" \/>\n<meta property=\"og:title\" content=\"Parrains (EN) - Amp\u00e8re 2025\" \/>\n<meta property=\"og:description\" content=\"Mentoring of &#8220;Tomorrow, an electric world&#8221; The celebration of 250th Andr\u00e9-Marie Amp\u00e8re&#8217;s birthday is honored to have an exceptional godmother [&hellip;]\" \/>\n<meta property=\"og:url\" content=\"https:\/\/ampere2025.fr\/en\/supporters\/mentors\/\" \/>\n<meta property=\"og:site_name\" content=\"Amp\u00e8re 2025\" \/>\n<meta property=\"article:publisher\" content=\"https:\/\/www.facebook.com\/saamapoleymieux69\/\" \/>\n<meta property=\"article:modified_time\" content=\"2024-11-25T10:28:21+00:00\" \/>\n<meta property=\"og:image\" content=\"https:\/\/ampere2025.fr\/wp-content\/uploads\/2024\/02\/Anne-LHuillier-1.jpg\" \/>\n\t<meta property=\"og:image:width\" content=\"520\" \/>\n\t<meta property=\"og:image:height\" content=\"735\" \/>\n\t<meta property=\"og:image:type\" content=\"image\/jpeg\" \/>\n<meta name=\"twitter:card\" content=\"summary_large_image\" \/>\n<meta name=\"twitter:site\" content=\"@amperemaison\" \/>\n<meta name=\"twitter:label1\" content=\"Est. reading time\" \/>\n\t<meta name=\"twitter:data1\" content=\"2 minutes\" \/>\n<script type=\"application\/ld+json\" class=\"yoast-schema-graph\">{\"@context\":\"https:\/\/schema.org\",\"@graph\":[{\"@type\":\"WebPage\",\"@id\":\"https:\/\/ampere2025.fr\/en\/supporters\/mentors\/\",\"url\":\"https:\/\/ampere2025.fr\/en\/supporters\/mentors\/\",\"name\":\"Parrains (EN) - Amp\u00e8re 2025\",\"isPartOf\":{\"@id\":\"https:\/\/ampere2025.fr\/en\/#website\"},\"primaryImageOfPage\":{\"@id\":\"https:\/\/ampere2025.fr\/en\/supporters\/mentors\/#primaryimage\"},\"image\":{\"@id\":\"https:\/\/ampere2025.fr\/en\/supporters\/mentors\/#primaryimage\"},\"thumbnailUrl\":\"https:\/\/ampere2025.fr\/wp-content\/uploads\/2024\/02\/Anne-LHuillier-1.jpg\",\"datePublished\":\"2024-02-17T00:13:32+00:00\",\"dateModified\":\"2024-11-25T10:28:21+00:00\",\"breadcrumb\":{\"@id\":\"https:\/\/ampere2025.fr\/en\/supporters\/mentors\/#breadcrumb\"},\"inLanguage\":\"en-US\",\"potentialAction\":[{\"@type\":\"ReadAction\",\"target\":[\"https:\/\/ampere2025.fr\/en\/supporters\/mentors\/\"]}]},{\"@type\":\"ImageObject\",\"inLanguage\":\"en-US\",\"@id\":\"https:\/\/ampere2025.fr\/en\/supporters\/mentors\/#primaryimage\",\"url\":\"https:\/\/ampere2025.fr\/wp-content\/uploads\/2024\/02\/Anne-LHuillier-1.jpg\",\"contentUrl\":\"https:\/\/ampere2025.fr\/wp-content\/uploads\/2024\/02\/Anne-LHuillier-1.jpg\"},{\"@type\":\"BreadcrumbList\",\"@id\":\"https:\/\/ampere2025.fr\/en\/supporters\/mentors\/#breadcrumb\",\"itemListElement\":[{\"@type\":\"ListItem\",\"position\":1,\"name\":\"Accueil\",\"item\":\"https:\/\/ampere2025.fr\/en\/\"},{\"@type\":\"ListItem\",\"position\":2,\"name\":\"Supporters\",\"item\":\"https:\/\/ampere2025.fr\/en\/supporters\/\"},{\"@type\":\"ListItem\",\"position\":3,\"name\":\"Parrains (EN)\"}]},{\"@type\":\"WebSite\",\"@id\":\"https:\/\/ampere2025.fr\/en\/#website\",\"url\":\"https:\/\/ampere2025.fr\/en\/\",\"name\":\"Amp\u00e8re 2025\",\"description\":\"Demain, un monde \u00e9lectrique\",\"publisher\":{\"@id\":\"https:\/\/ampere2025.fr\/en\/#organization\"},\"potentialAction\":[{\"@type\":\"SearchAction\",\"target\":{\"@type\":\"EntryPoint\",\"urlTemplate\":\"https:\/\/ampere2025.fr\/en\/?s={search_term_string}\"},\"query-input\":{\"@type\":\"PropertyValueSpecification\",\"valueRequired\":true,\"valueName\":\"search_term_string\"}}],\"inLanguage\":\"en-US\"},{\"@type\":\"Organization\",\"@id\":\"https:\/\/ampere2025.fr\/en\/#organization\",\"name\":\"Amp\u00e8re 2025\",\"url\":\"https:\/\/ampere2025.fr\/en\/\",\"logo\":{\"@type\":\"ImageObject\",\"inLanguage\":\"en-US\",\"@id\":\"https:\/\/ampere2025.fr\/en\/#\/schema\/logo\/image\/\",\"url\":\"https:\/\/ampere2025.fr\/wp-content\/uploads\/2024\/07\/cropped-Bandeau-Ampere-2025-FR-EN-V5-1.png\",\"contentUrl\":\"https:\/\/ampere2025.fr\/wp-content\/uploads\/2024\/07\/cropped-Bandeau-Ampere-2025-FR-EN-V5-1.png\",\"width\":2400,\"height\":399,\"caption\":\"Amp\u00e8re 2025\"},\"image\":{\"@id\":\"https:\/\/ampere2025.fr\/en\/#\/schema\/logo\/image\/\"},\"sameAs\":[\"https:\/\/www.facebook.com\/saamapoleymieux69\/\",\"https:\/\/x.com\/amperemaison\",\"https:\/\/www.instagram.com\/museeampere\"]}]}<\/script>\n<!-- \/ Yoast SEO plugin. -->","yoast_head_json":{"title":"Parrains (EN) - Amp\u00e8re 2025","robots":{"index":"index","follow":"follow","max-snippet":"max-snippet:-1","max-image-preview":"max-image-preview:large","max-video-preview":"max-video-preview:-1"},"canonical":"https:\/\/ampere2025.fr\/en\/supporters\/mentors\/","og_locale":"en_US","og_type":"article","og_title":"Parrains (EN) - Amp\u00e8re 2025","og_description":"Mentoring of &#8220;Tomorrow, an electric world&#8221; The celebration of 250th Andr\u00e9-Marie Amp\u00e8re&#8217;s birthday is honored to have an exceptional godmother [&hellip;]","og_url":"https:\/\/ampere2025.fr\/en\/supporters\/mentors\/","og_site_name":"Amp\u00e8re 2025","article_publisher":"https:\/\/www.facebook.com\/saamapoleymieux69\/","article_modified_time":"2024-11-25T10:28:21+00:00","og_image":[{"width":520,"height":735,"url":"https:\/\/ampere2025.fr\/wp-content\/uploads\/2024\/02\/Anne-LHuillier-1.jpg","type":"image\/jpeg"}],"twitter_card":"summary_large_image","twitter_site":"@amperemaison","twitter_misc":{"Est. reading time":"2 minutes"},"schema":{"@context":"https:\/\/schema.org","@graph":[{"@type":"WebPage","@id":"https:\/\/ampere2025.fr\/en\/supporters\/mentors\/","url":"https:\/\/ampere2025.fr\/en\/supporters\/mentors\/","name":"Parrains (EN) - Amp\u00e8re 2025","isPartOf":{"@id":"https:\/\/ampere2025.fr\/en\/#website"},"primaryImageOfPage":{"@id":"https:\/\/ampere2025.fr\/en\/supporters\/mentors\/#primaryimage"},"image":{"@id":"https:\/\/ampere2025.fr\/en\/supporters\/mentors\/#primaryimage"},"thumbnailUrl":"https:\/\/ampere2025.fr\/wp-content\/uploads\/2024\/02\/Anne-LHuillier-1.jpg","datePublished":"2024-02-17T00:13:32+00:00","dateModified":"2024-11-25T10:28:21+00:00","breadcrumb":{"@id":"https:\/\/ampere2025.fr\/en\/supporters\/mentors\/#breadcrumb"},"inLanguage":"en-US","potentialAction":[{"@type":"ReadAction","target":["https:\/\/ampere2025.fr\/en\/supporters\/mentors\/"]}]},{"@type":"ImageObject","inLanguage":"en-US","@id":"https:\/\/ampere2025.fr\/en\/supporters\/mentors\/#primaryimage","url":"https:\/\/ampere2025.fr\/wp-content\/uploads\/2024\/02\/Anne-LHuillier-1.jpg","contentUrl":"https:\/\/ampere2025.fr\/wp-content\/uploads\/2024\/02\/Anne-LHuillier-1.jpg"},{"@type":"BreadcrumbList","@id":"https:\/\/ampere2025.fr\/en\/supporters\/mentors\/#breadcrumb","itemListElement":[{"@type":"ListItem","position":1,"name":"Accueil","item":"https:\/\/ampere2025.fr\/en\/"},{"@type":"ListItem","position":2,"name":"Supporters","item":"https:\/\/ampere2025.fr\/en\/supporters\/"},{"@type":"ListItem","position":3,"name":"Parrains (EN)"}]},{"@type":"WebSite","@id":"https:\/\/ampere2025.fr\/en\/#website","url":"https:\/\/ampere2025.fr\/en\/","name":"Amp\u00e8re 2025","description":"Demain, un monde \u00e9lectrique","publisher":{"@id":"https:\/\/ampere2025.fr\/en\/#organization"},"potentialAction":[{"@type":"SearchAction","target":{"@type":"EntryPoint","urlTemplate":"https:\/\/ampere2025.fr\/en\/?s={search_term_string}"},"query-input":{"@type":"PropertyValueSpecification","valueRequired":true,"valueName":"search_term_string"}}],"inLanguage":"en-US"},{"@type":"Organization","@id":"https:\/\/ampere2025.fr\/en\/#organization","name":"Amp\u00e8re 2025","url":"https:\/\/ampere2025.fr\/en\/","logo":{"@type":"ImageObject","inLanguage":"en-US","@id":"https:\/\/ampere2025.fr\/en\/#\/schema\/logo\/image\/","url":"https:\/\/ampere2025.fr\/wp-content\/uploads\/2024\/07\/cropped-Bandeau-Ampere-2025-FR-EN-V5-1.png","contentUrl":"https:\/\/ampere2025.fr\/wp-content\/uploads\/2024\/07\/cropped-Bandeau-Ampere-2025-FR-EN-V5-1.png","width":2400,"height":399,"caption":"Amp\u00e8re 2025"},"image":{"@id":"https:\/\/ampere2025.fr\/en\/#\/schema\/logo\/image\/"},"sameAs":["https:\/\/www.facebook.com\/saamapoleymieux69\/","https:\/\/x.com\/amperemaison","https:\/\/www.instagram.com\/museeampere"]}]}},"uagb_featured_image_src":{"full":false,"thumbnail":false,"medium":false,"medium_large":false,"large":false,"1536x1536":false,"2048x2048":false},"uagb_author_info":{"display_name":"admin","author_link":"https:\/\/ampere2025.fr\/en\/author\/admin\/"},"uagb_comment_info":0,"uagb_excerpt":"Mentoring of &#8220;Tomorrow, an electric world&#8221; The celebration of 250th Andr\u00e9-Marie Amp\u00e8re&#8217;s birthday is honored to have an exceptional godmother [&hellip;]","_links":{"self":[{"href":"https:\/\/ampere2025.fr\/en\/wp-json\/wp\/v2\/pages\/719","targetHints":{"allow":["GET"]}}],"collection":[{"href":"https:\/\/ampere2025.fr\/en\/wp-json\/wp\/v2\/pages"}],"about":[{"href":"https:\/\/ampere2025.fr\/en\/wp-json\/wp\/v2\/types\/page"}],"author":[{"embeddable":true,"href":"https:\/\/ampere2025.fr\/en\/wp-json\/wp\/v2\/users\/1"}],"replies":[{"embeddable":true,"href":"https:\/\/ampere2025.fr\/en\/wp-json\/wp\/v2\/comments?post=719"}],"version-history":[{"count":2,"href":"https:\/\/ampere2025.fr\/en\/wp-json\/wp\/v2\/pages\/719\/revisions"}],"predecessor-version":[{"id":2731,"href":"https:\/\/ampere2025.fr\/en\/wp-json\/wp\/v2\/pages\/719\/revisions\/2731"}],"up":[{"embeddable":true,"href":"https:\/\/ampere2025.fr\/en\/wp-json\/wp\/v2\/pages\/109"}],"wp:attachment":[{"href":"https:\/\/ampere2025.fr\/en\/wp-json\/wp\/v2\/media?parent=719"}],"curies":[{"name":"wp","href":"https:\/\/api.w.org\/{rel}","templated":true}]}}