{"id":762,"date":"2024-02-17T01:33:26","date_gmt":"2024-02-17T00:33:26","guid":{"rendered":"https:\/\/ampere2025.fr\/?page_id=762"},"modified":"2024-05-27T12:09:09","modified_gmt":"2024-05-27T10:09:09","slug":"mecenat-en","status":"publish","type":"page","link":"https:\/\/ampere2025.fr\/en\/help-us\/mecenat-en\/","title":{"rendered":"M\u00e9c\u00e9nat (EN)"},"content":{"rendered":"\n<h2 class=\"wp-block-heading\">Patronage&#8230;<\/h2>\n\n\n\n<div class=\"wp-block-group is-layout-constrained wp-block-group-is-layout-constrained\" style=\"border-width:1px\">\n<p><strong>A donation<\/strong><\/p>\n\n\n\n<p>Patronage is a donation to the Soci\u00e9t\u00e9 des Amis d&#8217;Andr\u00e9-Marie Amp\u00e8re, a non-profit association. It can be a financial donation, a donation in kind (technical or material resources, gifts for the competition) or a donation of skills (mobilising the know-how of your employees).<\/p>\n<\/div>\n\n\n\n<div class=\"wp-block-uagb-separator uagb-block-c8fd638c\"><div class=\"wp-block-uagb-separator__inner\" style=\"--my-background-image:\"><\/div><\/div>\n\n\n\n<div class=\"wp-block-uagb-image aligncenter uagb-block-34bf6483 wp-block-uagb-image--layout-default wp-block-uagb-image--effect-static wp-block-uagb-image--align-center\"><figure class=\"wp-block-uagb-image__figure\"><img decoding=\"async\" srcset=\"https:\/\/ampere2025.fr\/wp-content\/uploads\/2024\/02\/Ampere-1-ExV-1-1024x678.jpg ,https:\/\/ampere2025.fr\/wp-content\/uploads\/2024\/02\/Ampere-1-ExV-1.jpg 780w, https:\/\/ampere2025.fr\/wp-content\/uploads\/2024\/02\/Ampere-1-ExV-1.jpg 360w\" sizes=\"auto, (max-width: 480px) 150px\" src=\"https:\/\/ampere2025.fr\/wp-content\/uploads\/2024\/02\/Ampere-1-ExV-1-1024x678.jpg\" alt=\"Mus\u00e9e Amp\u00e8re - Vue a\u00e9rienne\" class=\"uag-image-465\" width=\"519\" height=\"288\" title=\"\" loading=\"lazy\" role=\"img\"\/><\/figure><\/div>\n\n\n\n<div class=\"wp-block-group has-border-color has-ast-global-color-5-border-color is-layout-constrained wp-block-group-is-layout-constrained\" style=\"border-width:1px;margin-top:var(--wp--preset--spacing--30);margin-bottom:var(--wp--preset--spacing--30);padding-top:0;padding-bottom:0\">\n<div class=\"wp-block-group is-layout-constrained wp-block-group-is-layout-constrained\">\n<p><strong><em>Preserve Amp\u00e8re&#8217;s house<\/em><\/strong><\/p>\n\n\n\n<div class=\"wp-block-uagb-image alignright uagb-block-f6702791 wp-block-uagb-image--layout-default wp-block-uagb-image--effect-static wp-block-uagb-image--align-right\"><figure class=\"wp-block-uagb-image__figure\"><img decoding=\"async\" srcset=\"https:\/\/ampere2025.fr\/wp-content\/uploads\/2024\/02\/Macaron_Maison_Illustres_Musee_Ampere-1024x1016.jpg ,https:\/\/ampere2025.fr\/wp-content\/uploads\/2024\/02\/Macaron_Maison_Illustres_Musee_Ampere.jpg 780w, https:\/\/ampere2025.fr\/wp-content\/uploads\/2024\/02\/Macaron_Maison_Illustres_Musee_Ampere.jpg 360w\" sizes=\"auto, (max-width: 480px) 150px\" src=\"https:\/\/ampere2025.fr\/wp-content\/uploads\/2024\/02\/Macaron_Maison_Illustres_Musee_Ampere-1024x1016.jpg\" alt=\"Maisons des illustres\" class=\"uag-image-481\" width=\"89\" height=\"88\" title=\"\" loading=\"lazy\" role=\"img\"\/><\/figure><\/div>\n\n\n\n<p>The Amp\u00e8re Museum is located in the childhood home of Andr\u00e9-Marie Amp\u00e8re. This 17th-century building, part-farmhouse and part-bourgeois house, has witnessed both the history of the French Revolution and the intellectual development of Amp\u00e8re&#8217;s genius.<\/p>\n<\/div>\n\n\n\n<p class=\"has-text-align-right\"><em>Amp\u00e8re&#8217;s house is labeled as a &#8220;Maisons des Illustres&#8221; by the french Ministry of Culture.<\/em><\/p>\n<\/div>\n\n\n\n<div class=\"wp-block-group has-border-color has-ast-global-color-5-border-color is-content-justification-left is-layout-constrained wp-container-core-group-is-layout-16a8afda wp-block-group-is-layout-constrained\" style=\"border-width:1px;padding-top:0;padding-bottom:0\">\n<p><strong><em>Continue to develop the earliest science museum in France!<\/em><\/strong><\/p>\n\n\n\n<div class=\"wp-block-uagb-image alignright uagb-block-c4433b2e wp-block-uagb-image--layout-default wp-block-uagb-image--effect-static wp-block-uagb-image--align-right\"><figure class=\"wp-block-uagb-image__figure\"><img decoding=\"async\" srcset=\"https:\/\/ampere2025.fr\/wp-content\/uploads\/2024\/02\/logo-eps.png ,https:\/\/ampere2025.fr\/wp-content\/uploads\/2024\/02\/logo-eps.png 780w, https:\/\/ampere2025.fr\/wp-content\/uploads\/2024\/02\/logo-eps.png 360w\" sizes=\"auto, (max-width: 480px) 150px\" src=\"https:\/\/ampere2025.fr\/wp-content\/uploads\/2024\/02\/logo-eps.png\" alt=\"\" class=\"uag-image-486\" width=\"140\" height=\"79\" title=\"\" loading=\"lazy\" role=\"img\"\/><\/figure><\/div>\n\n\n\n<p>History is on our side! After the development of natural history museums created to preserve collections and display the wonders of nature, the technological advances of the early 20th century saw the emergence of a new way to communicate science through interactive experiences. Thus, in 1931, the first science and technology museum in France was born, the Amp\u00e8re Museum, dedicated to the history of electricity which has been developed since its inception by the Soci\u00e9t\u00e9 des Amis d&#8217;Andr\u00e9-Marie Amp\u00e8re (Society of Friends of Andr\u00e9-Marie Amp\u00e8re).<\/p>\n\n\n\n<p class=\"has-text-align-right\"><em>The European Physical Society has awarded the Amp\u00e8re Museum with the label of a European site for European physics.<\/em><\/p>\n<\/div>\n\n\n\n<div class=\"wp-block-group has-border-color has-ast-global-color-5-border-color is-layout-constrained wp-block-group-is-layout-constrained\" style=\"border-width:1px;margin-top:var(--wp--preset--spacing--30);margin-bottom:var(--wp--preset--spacing--30);padding-top:0;padding-bottom:0\">\n<p><strong>Preserve extraordinary collections<\/strong><\/p>\n\n\n\n<div class=\"wp-block-uagb-image alignright uagb-block-cbd6942f wp-block-uagb-image--layout-default wp-block-uagb-image--effect-static wp-block-uagb-image--align-right\"><figure class=\"wp-block-uagb-image__figure\"><img decoding=\"async\" srcset=\"https:\/\/ampere2025.fr\/wp-content\/uploads\/2024\/02\/logo-ieee.png ,https:\/\/ampere2025.fr\/wp-content\/uploads\/2024\/02\/logo-ieee.png 780w, https:\/\/ampere2025.fr\/wp-content\/uploads\/2024\/02\/logo-ieee.png 360w\" sizes=\"auto, (max-width: 480px) 150px\" src=\"https:\/\/ampere2025.fr\/wp-content\/uploads\/2024\/02\/logo-ieee.png\" alt=\"\" class=\"uag-image-487\" width=\"134\" height=\"62\" title=\"\" loading=\"lazy\" role=\"img\"\/><\/figure><\/div>\n\n\n\n<p>For almost a hundred years, the Amp\u00e8re Museum has been enriched by donations from collectors, industrialists and private individuals. The museum&#8217;s collections include the only original portrait of Amp\u00e8re, the only experiment carried out by Albert Einstein, numerous original documents and letters written by Amp\u00e8re, as well as an impressive collection of instruments, machines and objects illustrating the history of electricity. The Amp\u00e8re Museum also houses the earliest interactive experiences in France.<\/p>\n\n\n\n<p class=\"has-text-align-right\"><em>The most important international professional association in the field of electricity and electronics, IEEE, <\/em><br><em>has awarded the Amp\u00e8re Museum with the label of historic milestone in electricity.<\/em><\/p>\n<\/div>\n\n\n\n<div class=\"wp-block-group has-border-color has-ast-global-color-5-border-color is-layout-constrained wp-block-group-is-layout-constrained\" style=\"border-width:1px;margin-top:var(--wp--preset--spacing--30);margin-bottom:var(--wp--preset--spacing--30);padding-top:0;padding-bottom:0\">\n<p><strong><em>An extraordinary human adventure<\/em><\/strong><\/p>\n\n\n\n<p>Since 1930, the volunteers of the Society of Friends of Andr\u00e9-Marie Amp\u00e8re have been working to preserve Amp\u00e8re&#8217;s house, develop the Amp\u00e8re Museum, and protect and preserve its collections.<\/p>\n\n\n\n<p class=\"has-text-align-right\"><em>The Society of Friends of Andr\u00e9-Marie Amp\u00e8re has been recognized as a public utility association since 1936.<\/em><\/p>\n<\/div>\n\n\n\n<div class=\"wp-block-group has-border-color has-ast-global-color-5-border-color is-layout-constrained wp-block-group-is-layout-constrained\" style=\"border-width:1px;margin-top:var(--wp--preset--spacing--30);margin-bottom:var(--wp--preset--spacing--30);padding-top:0;padding-bottom:0\">\n<p><strong><em>A mission for the dissemination of knowledge among the youngest.<\/em><\/strong><\/p>\n\n\n\n<p class=\"has-ast-global-color-5-color has-text-color has-link-color wp-elements-b54138371101ae8f4fa4d65d8ae940c0\">Every year, the Mus\u00e9e Amp\u00e8re welcomes more than a thousand students and their teachers to take part in interactive experimental workshops. These workshops are run by volunteers and PhD students from Lyon&#8217;s university science centres. They help to develop critical thinking and interest in science and technology, and may even lead to a career!<\/p>\n\n\n\n<p class=\"has-text-align-right\"><em><span class=\"zip-ai-highlighted\">The Society of Friends of Andr\u00e9-Marie Amp\u00e8re received the medal from the Academy of Lyon.<\/span><\/em><\/p>\n<\/div>\n\n\n\n<div class=\"wp-block-group has-border-color has-ast-global-color-5-border-color is-layout-constrained wp-block-group-is-layout-constrained\" style=\"border-width:1px;margin-top:var(--wp--preset--spacing--30);margin-bottom:var(--wp--preset--spacing--30);padding-top:0;padding-bottom:0\">\n<p><strong><em>Un devoir de m\u00e9moire<\/em><\/strong><\/p>\n\n\n\n<p>In addition to preserving Amp\u00e8re&#8217;s house and developing his museum, the Society of Friends of Andr\u00e9-Marie Amp\u00e8re has the mission of preserving the memory of this universal scholar. Andr\u00e9-Marie Amp\u00e8re&#8217;s contribution to the development of electromagnetism not only earned him the title &#8220;The Newton of Electricity&#8221; by James Clark Maxwell but also made Amp\u00e8re the only scientist for whom Albert Einstein turned away from his own theories to conduct experiments in order to verify Amp\u00e8re&#8217;s theories ! <\/p>\n\n\n\n<p>The Soci\u00e9t\u00e9 des Amis d&#8217;Andr\u00e9-Marie Amp\u00e8re (Society of Friends of Andr\u00e9-Marie Amp\u00e8re) is organising a series of events to commemorate the scientific contributions of the great Lyon-based and universal scientist.<\/p>\n\n\n\n<p class=\"has-text-align-right\"><em> Throughout its history, the Soci\u00e9t\u00e9 des Amis d&#8217;Andr\u00e9-Marie Amp\u00e8re has received the support of some twenty Nobel Prize winners in physics and chemistry.<\/em><\/p>\n<\/div>\n","protected":false},"excerpt":{"rendered":"<p>Patronage&#8230; A donation Patronage is a donation to the Soci\u00e9t\u00e9 des Amis d&#8217;Andr\u00e9-Marie Amp\u00e8re, a non-profit association. It can be [&hellip;]<\/p>\n","protected":false},"author":1,"featured_media":0,"parent":114,"menu_order":0,"comment_status":"closed","ping_status":"closed","template":"","meta":{"_uag_custom_page_level_css":"","site-sidebar-layout":"default","site-content-layout":"","ast-site-content-layout":"default","site-content-style":"default","site-sidebar-style":"default","ast-global-header-display":"","ast-banner-title-visibility":"","ast-main-header-display":"","ast-hfb-above-header-display":"","ast-hfb-below-header-display":"","ast-hfb-mobile-header-display":"","site-post-title":"disabled","ast-breadcrumbs-content":"","ast-featured-img":"","footer-sml-layout":"","ast-disable-related-posts":"","theme-transparent-header-meta":"","adv-header-id-meta":"","stick-header-meta":"","header-above-stick-meta":"","header-main-stick-meta":"","header-below-stick-meta":"","astra-migrate-meta-layouts":"default","ast-page-background-enabled":"default","ast-page-background-meta":{"desktop":{"background-color":"var(--ast-global-color-4)","background-image":"","background-repeat":"repeat","background-position":"center center","background-size":"auto","background-attachment":"scroll","background-type":"","background-media":"","overlay-type":"","overlay-color":"","overlay-opacity":"","overlay-gradient":""},"tablet":{"background-color":"","background-image":"","background-repeat":"repeat","background-position":"center center","background-size":"auto","background-attachment":"scroll","background-type":"","background-media":"","overlay-type":"","overlay-color":"","overlay-opacity":"","overlay-gradient":""},"mobile":{"background-color":"","background-image":"","background-repeat":"repeat","background-position":"center center","background-size":"auto","background-attachment":"scroll","background-type":"","background-media":"","overlay-type":"","overlay-color":"","overlay-opacity":"","overlay-gradient":""}},"ast-content-background-meta":{"desktop":{"background-color":"var(--ast-global-color-5)","background-image":"","background-repeat":"repeat","background-position":"center center","background-size":"auto","background-attachment":"scroll","background-type":"","background-media":"","overlay-type":"","overlay-color":"","overlay-opacity":"","overlay-gradient":""},"tablet":{"background-color":"var(--ast-global-color-5)","background-image":"","background-repeat":"repeat","background-position":"center center","background-size":"auto","background-attachment":"scroll","background-type":"","background-media":"","overlay-type":"","overlay-color":"","overlay-opacity":"","overlay-gradient":""},"mobile":{"background-color":"var(--ast-global-color-5)","background-image":"","background-repeat":"repeat","background-position":"center center","background-size":"auto","background-attachment":"scroll","background-type":"","background-media":"","overlay-type":"","overlay-color":"","overlay-opacity":"","overlay-gradient":""}},"footnotes":""},"class_list":["post-762","page","type-page","status-publish","hentry"],"yoast_head":"<!-- This site is optimized with the Yoast SEO plugin v26.8 - https:\/\/yoast.com\/product\/yoast-seo-wordpress\/ -->\n<title>M\u00e9c\u00e9nat (EN) - Amp\u00e8re 2025<\/title>\n<meta name=\"robots\" content=\"index, follow, max-snippet:-1, max-image-preview:large, max-video-preview:-1\" \/>\n<link rel=\"canonical\" href=\"https:\/\/ampere2025.fr\/en\/help-us\/mecenat-en\/\" \/>\n<meta property=\"og:locale\" content=\"en_US\" \/>\n<meta property=\"og:type\" content=\"article\" \/>\n<meta property=\"og:title\" content=\"M\u00e9c\u00e9nat (EN) - Amp\u00e8re 2025\" \/>\n<meta property=\"og:description\" content=\"Patronage&#8230; A donation Patronage is a donation to the Soci\u00e9t\u00e9 des Amis d&#8217;Andr\u00e9-Marie Amp\u00e8re, a non-profit association. It can be [&hellip;]\" \/>\n<meta property=\"og:url\" content=\"https:\/\/ampere2025.fr\/en\/help-us\/mecenat-en\/\" \/>\n<meta property=\"og:site_name\" content=\"Amp\u00e8re 2025\" \/>\n<meta property=\"article:publisher\" content=\"https:\/\/www.facebook.com\/saamapoleymieux69\/\" \/>\n<meta property=\"article:modified_time\" content=\"2024-05-27T10:09:09+00:00\" \/>\n<meta property=\"og:image\" content=\"https:\/\/ampere2025.fr\/wp-content\/uploads\/2024\/02\/Ampere-1-ExV-1-1024x678.jpg\" \/>\n<meta name=\"twitter:card\" content=\"summary_large_image\" \/>\n<meta name=\"twitter:site\" content=\"@amperemaison\" \/>\n<meta name=\"twitter:label1\" content=\"Est. reading time\" \/>\n\t<meta name=\"twitter:data1\" content=\"4 minutes\" \/>\n<script type=\"application\/ld+json\" class=\"yoast-schema-graph\">{\"@context\":\"https:\/\/schema.org\",\"@graph\":[{\"@type\":\"WebPage\",\"@id\":\"https:\/\/ampere2025.fr\/en\/help-us\/mecenat-en\/\",\"url\":\"https:\/\/ampere2025.fr\/en\/help-us\/mecenat-en\/\",\"name\":\"M\u00e9c\u00e9nat (EN) - Amp\u00e8re 2025\",\"isPartOf\":{\"@id\":\"https:\/\/ampere2025.fr\/en\/#website\"},\"primaryImageOfPage\":{\"@id\":\"https:\/\/ampere2025.fr\/en\/help-us\/mecenat-en\/#primaryimage\"},\"image\":{\"@id\":\"https:\/\/ampere2025.fr\/en\/help-us\/mecenat-en\/#primaryimage\"},\"thumbnailUrl\":\"https:\/\/ampere2025.fr\/wp-content\/uploads\/2024\/02\/Ampere-1-ExV-1-1024x678.jpg\",\"datePublished\":\"2024-02-17T00:33:26+00:00\",\"dateModified\":\"2024-05-27T10:09:09+00:00\",\"breadcrumb\":{\"@id\":\"https:\/\/ampere2025.fr\/en\/help-us\/mecenat-en\/#breadcrumb\"},\"inLanguage\":\"en-US\",\"potentialAction\":[{\"@type\":\"ReadAction\",\"target\":[\"https:\/\/ampere2025.fr\/en\/help-us\/mecenat-en\/\"]}]},{\"@type\":\"ImageObject\",\"inLanguage\":\"en-US\",\"@id\":\"https:\/\/ampere2025.fr\/en\/help-us\/mecenat-en\/#primaryimage\",\"url\":\"https:\/\/ampere2025.fr\/wp-content\/uploads\/2024\/02\/Ampere-1-ExV-1-1024x678.jpg\",\"contentUrl\":\"https:\/\/ampere2025.fr\/wp-content\/uploads\/2024\/02\/Ampere-1-ExV-1-1024x678.jpg\"},{\"@type\":\"BreadcrumbList\",\"@id\":\"https:\/\/ampere2025.fr\/en\/help-us\/mecenat-en\/#breadcrumb\",\"itemListElement\":[{\"@type\":\"ListItem\",\"position\":1,\"name\":\"Accueil\",\"item\":\"https:\/\/ampere2025.fr\/en\/\"},{\"@type\":\"ListItem\",\"position\":2,\"name\":\"Help us\",\"item\":\"https:\/\/ampere2025.fr\/en\/help-us\/\"},{\"@type\":\"ListItem\",\"position\":3,\"name\":\"M\u00e9c\u00e9nat (EN)\"}]},{\"@type\":\"WebSite\",\"@id\":\"https:\/\/ampere2025.fr\/en\/#website\",\"url\":\"https:\/\/ampere2025.fr\/en\/\",\"name\":\"Amp\u00e8re 2025\",\"description\":\"Demain, un monde \u00e9lectrique\",\"publisher\":{\"@id\":\"https:\/\/ampere2025.fr\/en\/#organization\"},\"potentialAction\":[{\"@type\":\"SearchAction\",\"target\":{\"@type\":\"EntryPoint\",\"urlTemplate\":\"https:\/\/ampere2025.fr\/en\/?s={search_term_string}\"},\"query-input\":{\"@type\":\"PropertyValueSpecification\",\"valueRequired\":true,\"valueName\":\"search_term_string\"}}],\"inLanguage\":\"en-US\"},{\"@type\":\"Organization\",\"@id\":\"https:\/\/ampere2025.fr\/en\/#organization\",\"name\":\"Amp\u00e8re 2025\",\"url\":\"https:\/\/ampere2025.fr\/en\/\",\"logo\":{\"@type\":\"ImageObject\",\"inLanguage\":\"en-US\",\"@id\":\"https:\/\/ampere2025.fr\/en\/#\/schema\/logo\/image\/\",\"url\":\"https:\/\/ampere2025.fr\/wp-content\/uploads\/2024\/07\/cropped-Bandeau-Ampere-2025-FR-EN-V5-1.png\",\"contentUrl\":\"https:\/\/ampere2025.fr\/wp-content\/uploads\/2024\/07\/cropped-Bandeau-Ampere-2025-FR-EN-V5-1.png\",\"width\":2400,\"height\":399,\"caption\":\"Amp\u00e8re 2025\"},\"image\":{\"@id\":\"https:\/\/ampere2025.fr\/en\/#\/schema\/logo\/image\/\"},\"sameAs\":[\"https:\/\/www.facebook.com\/saamapoleymieux69\/\",\"https:\/\/x.com\/amperemaison\",\"https:\/\/www.instagram.com\/museeampere\"]}]}<\/script>\n<!-- \/ Yoast SEO plugin. -->","yoast_head_json":{"title":"M\u00e9c\u00e9nat (EN) - Amp\u00e8re 2025","robots":{"index":"index","follow":"follow","max-snippet":"max-snippet:-1","max-image-preview":"max-image-preview:large","max-video-preview":"max-video-preview:-1"},"canonical":"https:\/\/ampere2025.fr\/en\/help-us\/mecenat-en\/","og_locale":"en_US","og_type":"article","og_title":"M\u00e9c\u00e9nat (EN) - Amp\u00e8re 2025","og_description":"Patronage&#8230; A donation Patronage is a donation to the Soci\u00e9t\u00e9 des Amis d&#8217;Andr\u00e9-Marie Amp\u00e8re, a non-profit association. It can be [&hellip;]","og_url":"https:\/\/ampere2025.fr\/en\/help-us\/mecenat-en\/","og_site_name":"Amp\u00e8re 2025","article_publisher":"https:\/\/www.facebook.com\/saamapoleymieux69\/","article_modified_time":"2024-05-27T10:09:09+00:00","og_image":[{"url":"https:\/\/ampere2025.fr\/wp-content\/uploads\/2024\/02\/Ampere-1-ExV-1-1024x678.jpg","type":"","width":"","height":""}],"twitter_card":"summary_large_image","twitter_site":"@amperemaison","twitter_misc":{"Est. reading time":"4 minutes"},"schema":{"@context":"https:\/\/schema.org","@graph":[{"@type":"WebPage","@id":"https:\/\/ampere2025.fr\/en\/help-us\/mecenat-en\/","url":"https:\/\/ampere2025.fr\/en\/help-us\/mecenat-en\/","name":"M\u00e9c\u00e9nat (EN) - Amp\u00e8re 2025","isPartOf":{"@id":"https:\/\/ampere2025.fr\/en\/#website"},"primaryImageOfPage":{"@id":"https:\/\/ampere2025.fr\/en\/help-us\/mecenat-en\/#primaryimage"},"image":{"@id":"https:\/\/ampere2025.fr\/en\/help-us\/mecenat-en\/#primaryimage"},"thumbnailUrl":"https:\/\/ampere2025.fr\/wp-content\/uploads\/2024\/02\/Ampere-1-ExV-1-1024x678.jpg","datePublished":"2024-02-17T00:33:26+00:00","dateModified":"2024-05-27T10:09:09+00:00","breadcrumb":{"@id":"https:\/\/ampere2025.fr\/en\/help-us\/mecenat-en\/#breadcrumb"},"inLanguage":"en-US","potentialAction":[{"@type":"ReadAction","target":["https:\/\/ampere2025.fr\/en\/help-us\/mecenat-en\/"]}]},{"@type":"ImageObject","inLanguage":"en-US","@id":"https:\/\/ampere2025.fr\/en\/help-us\/mecenat-en\/#primaryimage","url":"https:\/\/ampere2025.fr\/wp-content\/uploads\/2024\/02\/Ampere-1-ExV-1-1024x678.jpg","contentUrl":"https:\/\/ampere2025.fr\/wp-content\/uploads\/2024\/02\/Ampere-1-ExV-1-1024x678.jpg"},{"@type":"BreadcrumbList","@id":"https:\/\/ampere2025.fr\/en\/help-us\/mecenat-en\/#breadcrumb","itemListElement":[{"@type":"ListItem","position":1,"name":"Accueil","item":"https:\/\/ampere2025.fr\/en\/"},{"@type":"ListItem","position":2,"name":"Help us","item":"https:\/\/ampere2025.fr\/en\/help-us\/"},{"@type":"ListItem","position":3,"name":"M\u00e9c\u00e9nat (EN)"}]},{"@type":"WebSite","@id":"https:\/\/ampere2025.fr\/en\/#website","url":"https:\/\/ampere2025.fr\/en\/","name":"Amp\u00e8re 2025","description":"Demain, un monde \u00e9lectrique","publisher":{"@id":"https:\/\/ampere2025.fr\/en\/#organization"},"potentialAction":[{"@type":"SearchAction","target":{"@type":"EntryPoint","urlTemplate":"https:\/\/ampere2025.fr\/en\/?s={search_term_string}"},"query-input":{"@type":"PropertyValueSpecification","valueRequired":true,"valueName":"search_term_string"}}],"inLanguage":"en-US"},{"@type":"Organization","@id":"https:\/\/ampere2025.fr\/en\/#organization","name":"Amp\u00e8re 2025","url":"https:\/\/ampere2025.fr\/en\/","logo":{"@type":"ImageObject","inLanguage":"en-US","@id":"https:\/\/ampere2025.fr\/en\/#\/schema\/logo\/image\/","url":"https:\/\/ampere2025.fr\/wp-content\/uploads\/2024\/07\/cropped-Bandeau-Ampere-2025-FR-EN-V5-1.png","contentUrl":"https:\/\/ampere2025.fr\/wp-content\/uploads\/2024\/07\/cropped-Bandeau-Ampere-2025-FR-EN-V5-1.png","width":2400,"height":399,"caption":"Amp\u00e8re 2025"},"image":{"@id":"https:\/\/ampere2025.fr\/en\/#\/schema\/logo\/image\/"},"sameAs":["https:\/\/www.facebook.com\/saamapoleymieux69\/","https:\/\/x.com\/amperemaison","https:\/\/www.instagram.com\/museeampere"]}]}},"uagb_featured_image_src":{"full":false,"thumbnail":false,"medium":false,"medium_large":false,"large":false,"1536x1536":false,"2048x2048":false},"uagb_author_info":{"display_name":"admin","author_link":"https:\/\/ampere2025.fr\/en\/author\/admin\/"},"uagb_comment_info":0,"uagb_excerpt":"Patronage&#8230; A donation Patronage is a donation to the Soci\u00e9t\u00e9 des Amis d&#8217;Andr\u00e9-Marie Amp\u00e8re, a non-profit association. It can be [&hellip;]","_links":{"self":[{"href":"https:\/\/ampere2025.fr\/en\/wp-json\/wp\/v2\/pages\/762","targetHints":{"allow":["GET"]}}],"collection":[{"href":"https:\/\/ampere2025.fr\/en\/wp-json\/wp\/v2\/pages"}],"about":[{"href":"https:\/\/ampere2025.fr\/en\/wp-json\/wp\/v2\/types\/page"}],"author":[{"embeddable":true,"href":"https:\/\/ampere2025.fr\/en\/wp-json\/wp\/v2\/users\/1"}],"replies":[{"embeddable":true,"href":"https:\/\/ampere2025.fr\/en\/wp-json\/wp\/v2\/comments?post=762"}],"version-history":[{"count":0,"href":"https:\/\/ampere2025.fr\/en\/wp-json\/wp\/v2\/pages\/762\/revisions"}],"up":[{"embeddable":true,"href":"https:\/\/ampere2025.fr\/en\/wp-json\/wp\/v2\/pages\/114"}],"wp:attachment":[{"href":"https:\/\/ampere2025.fr\/en\/wp-json\/wp\/v2\/media?parent=762"}],"curies":[{"name":"wp","href":"https:\/\/api.w.org\/{rel}","templated":true}]}}