{"id":2039,"date":"2024-02-25T16:02:23","date_gmt":"2024-02-25T15:02:23","guid":{"rendered":"https:\/\/ampere2025.fr\/accueil\/"},"modified":"2024-05-30T14:40:03","modified_gmt":"2024-05-30T12:40:03","slug":"accueil","status":"publish","type":"page","link":"https:\/\/ampere2025.fr\/es\/","title":{"rendered":"Inicio"},"content":{"rendered":"\n<div style=\"height:7px\" aria-hidden=\"true\" class=\"wp-block-spacer\"><\/div>\n\n\n\n<div class=\"wp-block-media-text is-stacked-on-mobile\" style=\"padding-top:var(--wp--preset--spacing--40);padding-right:var(--wp--preset--spacing--40);padding-bottom:var(--wp--preset--spacing--40);padding-left:var(--wp--preset--spacing--40)\"><figure class=\"wp-block-media-text__media\"><img loading=\"lazy\" decoding=\"async\" width=\"909\" height=\"908\" src=\"https:\/\/ampere2025.fr\/wp-content\/uploads\/2024\/05\/brochure250ansAmpere_page7_image.png\" alt=\"\" class=\"wp-image-1707 size-full\" srcset=\"https:\/\/ampere2025.fr\/wp-content\/uploads\/2024\/05\/brochure250ansAmpere_page7_image.png 909w, https:\/\/ampere2025.fr\/wp-content\/uploads\/2024\/05\/brochure250ansAmpere_page7_image-300x300.png 300w, https:\/\/ampere2025.fr\/wp-content\/uploads\/2024\/05\/brochure250ansAmpere_page7_image-150x150.png 150w, https:\/\/ampere2025.fr\/wp-content\/uploads\/2024\/05\/brochure250ansAmpere_page7_image-768x767.png 768w\" sizes=\"auto, (max-width: 909px) 100vw, 909px\" \/><\/figure><div class=\"wp-block-media-text__content\">\n<p>Nacido en Lyon en 1775, Andr\u00e9-Marie Amp\u00e8re fue un eminente f\u00edsico y matem\u00e1tico franc\u00e9s, considerado uno de los padres de la electrodin\u00e1mica. Su nombre ha quedado inmortalizado en la unidad de medida de la corriente el\u00e9ctrica, el amperio. Sus revolucionarias investigaciones sentaron las bases te\u00f3ricas del electromagnetismo.<\/p>\n\n\n\n<p class=\"has-text-align-center\"><strong>Prep\u00e1rese para una fant\u00e1stica celebraci\u00f3n de la ciencia y la tecnolog\u00eda.<\/strong><\/p>\n\n\n\n<p class=\"has-text-align-center\"><strong>\u00abMa\u00f1ana, un mundo el\u00e9ctrico\u00bb es una serie de actos para celebrar el 250 aniversario del nacimiento de Amp\u00e8re, en Francia y en todo el mundo.<\/strong><\/p>\n\n\n\n<p class=\"has-text-align-center\"><em>Festival, exposiciones, conferencias, debates, concursos para j\u00f3venes y mucho m\u00e1s&#8230;<br>Los equipos est\u00e1n preparando todos los actos para que este a\u00f1o de conmemoraci\u00f3n sea inolvidable.<\/em><\/p>\n<\/div><\/div>\n\n\n\n\t\t<!-- MasterSlider -->\n\t\t<div id=\"P_MS69ea2d95d8fce\" class=\"master-slider-parent msl ms-parent-id-4\" style=\"max-width:900px;\">\n\n\t\t\t\n\t\t\t<!-- MasterSlider Main -->\n\t\t\t<div id=\"MS69ea2d95d8fce\" class=\"master-slider ms-skin-light-3\" >\n\t\t\t\t \t\t\t\t \n\t\t\t\t<div  class=\"ms-slide\" data-delay=\"3\" data-fill-mode=\"fill\"  >\n\t\t\t\t\t<img decoding=\"async\" src=\"https:\/\/ampere2025.fr\/wp-content\/plugins\/master-slider\/public\/assets\/css\/blank.gif\" alt=\"\" title=\"\" data-src=\"https:\/\/ampere2025.fr\/wp-content\/uploads\/2024\/03\/Diapo-Naissance-A2025-900x200.png\" \/>\n\t<a href=\"https:\/\/ampere2025.fr\/20-janvier-2025\/\"     ><\/a>\n\n\n\t<div class=\"ms-thumb\" ><div class=\"ms-tab-context\"><div class=\"&quot;ms-tab-context&quot;\"><\/div><\/div>\n<\/div>\n\t\t\t\t<\/div>\n\t\t\t\t<div  class=\"ms-slide\" data-delay=\"3\" data-fill-mode=\"fill\"  >\n\t\t\t\t\t<img decoding=\"async\" src=\"https:\/\/ampere2025.fr\/wp-content\/plugins\/master-slider\/public\/assets\/css\/blank.gif\" alt=\"\" title=\"\" data-src=\"https:\/\/ampere2025.fr\/wp-content\/uploads\/2025\/01\/Diapo-Ouverture-A2025.png\" \/>\n\t<a href=\"https:\/\/ampere2025.fr\/evenements\/ouverture\/\"     ><\/a>\n\n\n\t<div class=\"ms-thumb\" ><div class=\"ms-tab-context\"><div class=\"&quot;ms-tab-context&quot;\"><\/div><\/div>\n<\/div>\n\t\t\t\t<\/div>\n\t\t\t\t<div  class=\"ms-slide\" data-delay=\"3\" data-fill-mode=\"fill\"  >\n\t\t\t\t\t<img decoding=\"async\" src=\"https:\/\/ampere2025.fr\/wp-content\/plugins\/master-slider\/public\/assets\/css\/blank.gif\" alt=\"\" title=\"\" data-src=\"https:\/\/ampere2025.fr\/wp-content\/uploads\/2024\/10\/Diapo-Expo-Doua-A2025-v2-900x200.png\" \/>\n\t<a href=\"https:\/\/ampere2025.fr\/evenements\/expositions\/\"     ><\/a>\n\n\n\t<div class=\"ms-thumb\" ><div class=\"ms-tab-context\"><div class=\"&quot;ms-tab-context&quot;\"><\/div><\/div>\n<\/div>\n\t\t\t\t<\/div>\n\t\t\t\t<div  class=\"ms-slide\" data-delay=\"3\" data-fill-mode=\"fill\"  >\n\t\t\t\t\t<img decoding=\"async\" src=\"https:\/\/ampere2025.fr\/wp-content\/plugins\/master-slider\/public\/assets\/css\/blank.gif\" alt=\"\" title=\"\" data-src=\"https:\/\/ampere2025.fr\/wp-content\/uploads\/2024\/03\/Diapo-ConcoursA2025-1.png\" \/>\n\t<a href=\"https:\/\/ampere2025.fr\/evenements\/concours\/\"     ><\/a>\n\n\n\t<div class=\"ms-thumb\" ><div class=\"ms-tab-context\"><div class=\"&quot;ms-tab-context&quot;\"><\/div><\/div>\n<\/div>\n\t\t\t\t<\/div>\n\t\t\t\t<div  class=\"ms-slide\" data-delay=\"3\" data-fill-mode=\"fill\"  >\n\t\t\t\t\t<img decoding=\"async\" src=\"https:\/\/ampere2025.fr\/wp-content\/plugins\/master-slider\/public\/assets\/css\/blank.gif\" alt=\"\" title=\"\" data-src=\"https:\/\/ampere2025.fr\/wp-content\/uploads\/2025\/01\/Diapo-Conf-UO-A2025.png\" \/>\n\t<a href=\"https:\/\/ampere2025.fr\/evenements\/conferences\/\"     ><\/a>\n\n\n\t<div class=\"ms-thumb\" ><div class=\"ms-tab-context\"><div class=\"&quot;ms-tab-context&quot;\"><\/div><\/div>\n<\/div>\n\t\t\t\t<\/div>\n\t\t\t\t<div  class=\"ms-slide\" data-delay=\"3\" data-fill-mode=\"fill\"  >\n\t\t\t\t\t<img decoding=\"async\" src=\"https:\/\/ampere2025.fr\/wp-content\/plugins\/master-slider\/public\/assets\/css\/blank.gif\" alt=\"\" title=\"\" data-src=\"https:\/\/ampere2025.fr\/wp-content\/uploads\/2024\/03\/Diapo-Conf-A2025-900x200.png\" \/>\n\t<a href=\"https:\/\/ampere2025.fr\/evenements\/conferences\/\"     ><\/a>\n\n\n\t<div class=\"ms-thumb\" ><div class=\"ms-tab-context\"><div class=\"&quot;ms-tab-context&quot;\"><\/div><\/div>\n<\/div>\n\t\t\t\t<\/div>\n\t\t\t\t<div  class=\"ms-slide\" data-delay=\"3\" data-fill-mode=\"fill\"  >\n\t\t\t\t\t<img decoding=\"async\" src=\"https:\/\/ampere2025.fr\/wp-content\/plugins\/master-slider\/public\/assets\/css\/blank.gif\" alt=\"Festival Poleymieux\" title=\"\" data-src=\"https:\/\/ampere2025.fr\/wp-content\/uploads\/2025\/01\/Diapo-Festival-A2025-v2.png\" \/>\n\t<a href=\"https:\/\/ampere2025.fr\/evenements\/festival\/\"     ><\/a>\n\n\n\t<div class=\"ms-thumb\" ><div class=\"ms-tab-context\"><div class=\"&quot;ms-tab-context&quot;\"><\/div><\/div>\n<\/div>\n\t\t\t\t<\/div>\n\t\t\t\t<div  class=\"ms-slide\" data-delay=\"3\" data-fill-mode=\"fill\"  >\n\t\t\t\t\t<img decoding=\"async\" src=\"https:\/\/ampere2025.fr\/wp-content\/plugins\/master-slider\/public\/assets\/css\/blank.gif\" alt=\"\" title=\"\" data-src=\"https:\/\/ampere2025.fr\/wp-content\/uploads\/2024\/03\/Diapo-Musee-A2025-900x200.png\" \/>\n\t<a href=\"https:\/\/ampere2025.fr\/ressources\/le-musee-ampere\/\"     ><\/a>\n\n\n\t<div class=\"ms-thumb\" ><div class=\"ms-tab-context\"><div class=\"&quot;ms-tab-context&quot;\"><\/div><\/div>\n<\/div>\n\t\t\t\t<\/div>\n\t\t\t\t<div  class=\"ms-slide\" data-delay=\"3\" data-fill-mode=\"fill\"  >\n\t\t\t\t\t<img decoding=\"async\" src=\"https:\/\/ampere2025.fr\/wp-content\/plugins\/master-slider\/public\/assets\/css\/blank.gif\" alt=\"\" title=\"\" data-src=\"https:\/\/ampere2025.fr\/wp-content\/uploads\/2025\/01\/Diapo-Colloque-A2025-v2.png\" \/>\n\t<a href=\"https:\/\/ampere2025.fr\/evenements\/colloque\/\"     ><\/a>\n\n\n\t<div class=\"ms-thumb\" ><div class=\"ms-tab-context\"><div class=\"&quot;ms-tab-context&quot;\"><\/div><\/div>\n<\/div>\n\t\t\t\t<\/div>\n\n\t\t\t<\/div>\n\t\t\t<!-- END MasterSlider Main -->\n\n\t\t\t \n\t\t<\/div>\n\t\t<!-- END MasterSlider -->\n\n\t\t<script>\n\t\t(function ( $ ) {\n\t\t\t\"use strict\";\n\n\t\t\t$(function () {\n\t\t\t\tvar masterslider_8fce = new MasterSlider();\n\n\t\t\t\t\/\/ slider controls\n\t\t\t\tmasterslider_8fce.control('arrows'     ,{ autohide:true, overVideo:false , hideUnder:300 });\n\t\t\t\t\/\/ slider setup\n\t\t\t\tmasterslider_8fce.setup(\"MS69ea2d95d8fce\", {\n\t\t\t\t\t\twidth           : 900,\n\t\t\t\t\t\theight          : 200,\n\t\t\t\t\t\tminHeight       : 0,\n\t\t\t\t\t\tspace           : 0,\n\t\t\t\t\t\tstart           : 1,\n\t\t\t\t\t\tgrabCursor      : true,\n\t\t\t\t\t\tswipe           : true,\n\t\t\t\t\t\tmouse           : true,\n\t\t\t\t\t\tlayout          : \"boxed\",\n\t\t\t\t\t\twheel           : false,\n\t\t\t\t\t\tautoplay        : true,\n\t\t\t\t\t\tinstantStartLayers:false,\n\t\t\t\t\t\tloop            : true,\n\t\t\t\t\t\tshuffle         : false,\n\t\t\t\t\t\tpreload         : 0,\n\t\t\t\t\t\theightLimit     : true,\n\t\t\t\t\t\tautoHeight      : true,\n\t\t\t\t\t\tsmoothHeight    : true,\n\t\t\t\t\t\tendPause        : false,\n\t\t\t\t\t\toverPause       : true,\n\t\t\t\t\t\tfillMode        : \"fill\",\n\t\t\t\t\t\tcenterControls  : false,\n\t\t\t\t\t\tstartOnAppear   : true,\n\t\t\t\t\t\tlayersMode      : \"center\",\n\t\t\t\t\t\thideLayers      : false,\n\t\t\t\t\t\tfullscreenMargin: 0,\n\t\t\t\t\t\tspeed           : 100,\n\t\t\t\t\t\tdir             : \"h\",\n\t\t\t\t\t\tparallaxMode    : 'swipe',\n\t\t\t\t\t\tview            : \"basic\"\n\t\t\t\t});\n\n\t\t\t\t\n\t\t\t\twindow.masterslider_instances = window.masterslider_instances || [];\n\t\t\t\twindow.masterslider_instances.push( masterslider_8fce );\n\t\t\t });\n\n\t\t})(jQuery);\n\t\t<\/script>\n\n\n\n\n\n<div class=\"wp-block-uagb-separator uagb-block-66aacc7b\"><div class=\"wp-block-uagb-separator__inner\" style=\"--my-background-image:\"><\/div><\/div>\n","protected":false},"excerpt":{"rendered":"<p>Nacido en Lyon en 1775, Andr\u00e9-Marie Amp\u00e8re fue un eminente f\u00edsico y matem\u00e1tico franc\u00e9s, considerado uno de los padres de [&hellip;]<\/p>\n","protected":false},"author":1,"featured_media":0,"parent":0,"menu_order":0,"comment_status":"closed","ping_status":"closed","template":"","meta":{"_uag_custom_page_level_css":"","site-sidebar-layout":"default","site-content-layout":"","ast-site-content-layout":"default","site-content-style":"default","site-sidebar-style":"default","ast-global-header-display":"","ast-banner-title-visibility":"","ast-main-header-display":"","ast-hfb-above-header-display":"","ast-hfb-below-header-display":"","ast-hfb-mobile-header-display":"","site-post-title":"disabled","ast-breadcrumbs-content":"","ast-featured-img":"","footer-sml-layout":"","ast-disable-related-posts":"","theme-transparent-header-meta":"","adv-header-id-meta":"","stick-header-meta":"","header-above-stick-meta":"","header-main-stick-meta":"","header-below-stick-meta":"","astra-migrate-meta-layouts":"default","ast-page-background-enabled":"default","ast-page-background-meta":{"desktop":{"background-color":"var(--ast-global-color-4)","background-image":"","background-repeat":"repeat","background-position":"center center","background-size":"auto","background-attachment":"scroll","background-type":"","background-media":"","overlay-type":"","overlay-color":"","overlay-opacity":"","overlay-gradient":""},"tablet":{"background-color":"","background-image":"","background-repeat":"repeat","background-position":"center center","background-size":"auto","background-attachment":"scroll","background-type":"","background-media":"","overlay-type":"","overlay-color":"","overlay-opacity":"","overlay-gradient":""},"mobile":{"background-color":"","background-image":"","background-repeat":"repeat","background-position":"center center","background-size":"auto","background-attachment":"scroll","background-type":"","background-media":"","overlay-type":"","overlay-color":"","overlay-opacity":"","overlay-gradient":""}},"ast-content-background-meta":{"desktop":{"background-color":"var(--ast-global-color-5)","background-image":"","background-repeat":"repeat","background-position":"center center","background-size":"auto","background-attachment":"scroll","background-type":"","background-media":"","overlay-type":"","overlay-color":"","overlay-opacity":"","overlay-gradient":""},"tablet":{"background-color":"var(--ast-global-color-5)","background-image":"","background-repeat":"repeat","background-position":"center center","background-size":"auto","background-attachment":"scroll","background-type":"","background-media":"","overlay-type":"","overlay-color":"","overlay-opacity":"","overlay-gradient":""},"mobile":{"background-color":"var(--ast-global-color-5)","background-image":"","background-repeat":"repeat","background-position":"center center","background-size":"auto","background-attachment":"scroll","background-type":"","background-media":"","overlay-type":"","overlay-color":"","overlay-opacity":"","overlay-gradient":""}},"footnotes":""},"class_list":["post-2039","page","type-page","status-publish","hentry"],"yoast_head":"<!-- This site is optimized with the Yoast SEO plugin v26.8 - https:\/\/yoast.com\/product\/yoast-seo-wordpress\/ -->\n<title>Amp\u00e8re 2025 - Les 250ans d&#039;Amp\u00e8re. Demain un monde \u00e9lectrique<\/title>\n<meta name=\"description\" content=\"En 2025 comm\u00e9morons les 250 ans de la naissance d\u2019Andr\u00e9-Marie Amp\u00e8re : expositions, concours, festival, conf\u00e9rences\u2026\" \/>\n<meta name=\"robots\" content=\"index, follow, max-snippet:-1, max-image-preview:large, max-video-preview:-1\" \/>\n<link rel=\"canonical\" href=\"https:\/\/ampere2025.fr\/es\/\" \/>\n<meta property=\"og:locale\" content=\"es_ES\" \/>\n<meta property=\"og:type\" content=\"article\" \/>\n<meta property=\"og:title\" content=\"Amp\u00e8re 2025 - Les 250ans d&#039;Amp\u00e8re. Demain un monde \u00e9lectrique\" \/>\n<meta property=\"og:description\" content=\"En 2025 comm\u00e9morons les 250 ans de la naissance d\u2019Andr\u00e9-Marie Amp\u00e8re : expositions, concours, festival, conf\u00e9rences\u2026\" \/>\n<meta property=\"og:url\" content=\"https:\/\/ampere2025.fr\/es\/\" \/>\n<meta property=\"og:site_name\" content=\"Amp\u00e8re 2025\" \/>\n<meta property=\"article:publisher\" content=\"https:\/\/www.facebook.com\/saamapoleymieux69\/\" \/>\n<meta property=\"article:modified_time\" content=\"2024-05-30T12:40:03+00:00\" \/>\n<meta property=\"og:image\" content=\"https:\/\/ampere2025.fr\/wp-content\/uploads\/2024\/05\/brochure250ansAmpere_page7_image.png\" \/>\n<meta name=\"twitter:card\" content=\"summary_large_image\" \/>\n<meta name=\"twitter:site\" content=\"@amperemaison\" \/>\n<meta name=\"twitter:label1\" content=\"Tiempo de lectura\" \/>\n\t<meta name=\"twitter:data1\" content=\"1 minuto\" \/>\n<script type=\"application\/ld+json\" class=\"yoast-schema-graph\">{\"@context\":\"https:\/\/schema.org\",\"@graph\":[{\"@type\":\"WebPage\",\"@id\":\"https:\/\/ampere2025.fr\/es\/\",\"url\":\"https:\/\/ampere2025.fr\/es\/\",\"name\":\"Amp\u00e8re 2025 - Les 250ans d'Amp\u00e8re. Demain un monde \u00e9lectrique\",\"isPartOf\":{\"@id\":\"https:\/\/ampere2025.fr\/es\/#website\"},\"primaryImageOfPage\":{\"@id\":\"https:\/\/ampere2025.fr\/es\/#primaryimage\"},\"image\":{\"@id\":\"https:\/\/ampere2025.fr\/es\/#primaryimage\"},\"thumbnailUrl\":\"https:\/\/ampere2025.fr\/wp-content\/uploads\/2024\/05\/brochure250ansAmpere_page7_image.png\",\"datePublished\":\"2024-02-25T15:02:23+00:00\",\"dateModified\":\"2024-05-30T12:40:03+00:00\",\"description\":\"En 2025 comm\u00e9morons les 250 ans de la naissance d\u2019Andr\u00e9-Marie Amp\u00e8re : expositions, concours, festival, conf\u00e9rences\u2026\",\"breadcrumb\":{\"@id\":\"https:\/\/ampere2025.fr\/es\/#breadcrumb\"},\"inLanguage\":\"es\",\"potentialAction\":[{\"@type\":\"ReadAction\",\"target\":[\"https:\/\/ampere2025.fr\/es\/\"]}]},{\"@type\":\"ImageObject\",\"inLanguage\":\"es\",\"@id\":\"https:\/\/ampere2025.fr\/es\/#primaryimage\",\"url\":\"https:\/\/ampere2025.fr\/wp-content\/uploads\/2024\/05\/brochure250ansAmpere_page7_image.png\",\"contentUrl\":\"https:\/\/ampere2025.fr\/wp-content\/uploads\/2024\/05\/brochure250ansAmpere_page7_image.png\"},{\"@type\":\"BreadcrumbList\",\"@id\":\"https:\/\/ampere2025.fr\/es\/#breadcrumb\",\"itemListElement\":[{\"@type\":\"ListItem\",\"position\":1,\"name\":\"Accueil\",\"item\":\"https:\/\/ampere2025.fr\/es\/\"},{\"@type\":\"ListItem\",\"position\":2,\"name\":\"Inicio\"}]},{\"@type\":\"WebSite\",\"@id\":\"https:\/\/ampere2025.fr\/es\/#website\",\"url\":\"https:\/\/ampere2025.fr\/es\/\",\"name\":\"Amp\u00e8re 2025\",\"description\":\"Demain, un monde \u00e9lectrique\",\"publisher\":{\"@id\":\"https:\/\/ampere2025.fr\/es\/#organization\"},\"potentialAction\":[{\"@type\":\"SearchAction\",\"target\":{\"@type\":\"EntryPoint\",\"urlTemplate\":\"https:\/\/ampere2025.fr\/es\/?s={search_term_string}\"},\"query-input\":{\"@type\":\"PropertyValueSpecification\",\"valueRequired\":true,\"valueName\":\"search_term_string\"}}],\"inLanguage\":\"es\"},{\"@type\":\"Organization\",\"@id\":\"https:\/\/ampere2025.fr\/es\/#organization\",\"name\":\"Amp\u00e8re 2025\",\"url\":\"https:\/\/ampere2025.fr\/es\/\",\"logo\":{\"@type\":\"ImageObject\",\"inLanguage\":\"es\",\"@id\":\"https:\/\/ampere2025.fr\/es\/#\/schema\/logo\/image\/\",\"url\":\"https:\/\/ampere2025.fr\/wp-content\/uploads\/2024\/07\/cropped-Bandeau-Ampere-2025-FR-EN-V5-1.png\",\"contentUrl\":\"https:\/\/ampere2025.fr\/wp-content\/uploads\/2024\/07\/cropped-Bandeau-Ampere-2025-FR-EN-V5-1.png\",\"width\":2400,\"height\":399,\"caption\":\"Amp\u00e8re 2025\"},\"image\":{\"@id\":\"https:\/\/ampere2025.fr\/es\/#\/schema\/logo\/image\/\"},\"sameAs\":[\"https:\/\/www.facebook.com\/saamapoleymieux69\/\",\"https:\/\/x.com\/amperemaison\",\"https:\/\/www.instagram.com\/museeampere\"]}]}<\/script>\n<!-- \/ Yoast SEO plugin. -->","yoast_head_json":{"title":"Amp\u00e8re 2025 - Les 250ans d'Amp\u00e8re. Demain un monde \u00e9lectrique","description":"En 2025 comm\u00e9morons les 250 ans de la naissance d\u2019Andr\u00e9-Marie Amp\u00e8re : expositions, concours, festival, conf\u00e9rences\u2026","robots":{"index":"index","follow":"follow","max-snippet":"max-snippet:-1","max-image-preview":"max-image-preview:large","max-video-preview":"max-video-preview:-1"},"canonical":"https:\/\/ampere2025.fr\/es\/","og_locale":"es_ES","og_type":"article","og_title":"Amp\u00e8re 2025 - Les 250ans d'Amp\u00e8re. Demain un monde \u00e9lectrique","og_description":"En 2025 comm\u00e9morons les 250 ans de la naissance d\u2019Andr\u00e9-Marie Amp\u00e8re : expositions, concours, festival, conf\u00e9rences\u2026","og_url":"https:\/\/ampere2025.fr\/es\/","og_site_name":"Amp\u00e8re 2025","article_publisher":"https:\/\/www.facebook.com\/saamapoleymieux69\/","article_modified_time":"2024-05-30T12:40:03+00:00","og_image":[{"url":"https:\/\/ampere2025.fr\/wp-content\/uploads\/2024\/05\/brochure250ansAmpere_page7_image.png","type":"","width":"","height":""}],"twitter_card":"summary_large_image","twitter_site":"@amperemaison","twitter_misc":{"Tiempo de lectura":"1 minuto"},"schema":{"@context":"https:\/\/schema.org","@graph":[{"@type":"WebPage","@id":"https:\/\/ampere2025.fr\/es\/","url":"https:\/\/ampere2025.fr\/es\/","name":"Amp\u00e8re 2025 - Les 250ans d'Amp\u00e8re. Demain un monde \u00e9lectrique","isPartOf":{"@id":"https:\/\/ampere2025.fr\/es\/#website"},"primaryImageOfPage":{"@id":"https:\/\/ampere2025.fr\/es\/#primaryimage"},"image":{"@id":"https:\/\/ampere2025.fr\/es\/#primaryimage"},"thumbnailUrl":"https:\/\/ampere2025.fr\/wp-content\/uploads\/2024\/05\/brochure250ansAmpere_page7_image.png","datePublished":"2024-02-25T15:02:23+00:00","dateModified":"2024-05-30T12:40:03+00:00","description":"En 2025 comm\u00e9morons les 250 ans de la naissance d\u2019Andr\u00e9-Marie Amp\u00e8re : expositions, concours, festival, conf\u00e9rences\u2026","breadcrumb":{"@id":"https:\/\/ampere2025.fr\/es\/#breadcrumb"},"inLanguage":"es","potentialAction":[{"@type":"ReadAction","target":["https:\/\/ampere2025.fr\/es\/"]}]},{"@type":"ImageObject","inLanguage":"es","@id":"https:\/\/ampere2025.fr\/es\/#primaryimage","url":"https:\/\/ampere2025.fr\/wp-content\/uploads\/2024\/05\/brochure250ansAmpere_page7_image.png","contentUrl":"https:\/\/ampere2025.fr\/wp-content\/uploads\/2024\/05\/brochure250ansAmpere_page7_image.png"},{"@type":"BreadcrumbList","@id":"https:\/\/ampere2025.fr\/es\/#breadcrumb","itemListElement":[{"@type":"ListItem","position":1,"name":"Accueil","item":"https:\/\/ampere2025.fr\/es\/"},{"@type":"ListItem","position":2,"name":"Inicio"}]},{"@type":"WebSite","@id":"https:\/\/ampere2025.fr\/es\/#website","url":"https:\/\/ampere2025.fr\/es\/","name":"Amp\u00e8re 2025","description":"Demain, un monde \u00e9lectrique","publisher":{"@id":"https:\/\/ampere2025.fr\/es\/#organization"},"potentialAction":[{"@type":"SearchAction","target":{"@type":"EntryPoint","urlTemplate":"https:\/\/ampere2025.fr\/es\/?s={search_term_string}"},"query-input":{"@type":"PropertyValueSpecification","valueRequired":true,"valueName":"search_term_string"}}],"inLanguage":"es"},{"@type":"Organization","@id":"https:\/\/ampere2025.fr\/es\/#organization","name":"Amp\u00e8re 2025","url":"https:\/\/ampere2025.fr\/es\/","logo":{"@type":"ImageObject","inLanguage":"es","@id":"https:\/\/ampere2025.fr\/es\/#\/schema\/logo\/image\/","url":"https:\/\/ampere2025.fr\/wp-content\/uploads\/2024\/07\/cropped-Bandeau-Ampere-2025-FR-EN-V5-1.png","contentUrl":"https:\/\/ampere2025.fr\/wp-content\/uploads\/2024\/07\/cropped-Bandeau-Ampere-2025-FR-EN-V5-1.png","width":2400,"height":399,"caption":"Amp\u00e8re 2025"},"image":{"@id":"https:\/\/ampere2025.fr\/es\/#\/schema\/logo\/image\/"},"sameAs":["https:\/\/www.facebook.com\/saamapoleymieux69\/","https:\/\/x.com\/amperemaison","https:\/\/www.instagram.com\/museeampere"]}]}},"uagb_featured_image_src":{"full":false,"thumbnail":false,"medium":false,"medium_large":false,"large":false,"1536x1536":false,"2048x2048":false},"uagb_author_info":{"display_name":"admin","author_link":"https:\/\/ampere2025.fr\/es\/author\/admin\/"},"uagb_comment_info":0,"uagb_excerpt":"Nacido en Lyon en 1775, Andr\u00e9-Marie Amp\u00e8re fue un eminente f\u00edsico y matem\u00e1tico franc\u00e9s, considerado uno de los padres de [&hellip;]","_links":{"self":[{"href":"https:\/\/ampere2025.fr\/es\/wp-json\/wp\/v2\/pages\/2039","targetHints":{"allow":["GET"]}}],"collection":[{"href":"https:\/\/ampere2025.fr\/es\/wp-json\/wp\/v2\/pages"}],"about":[{"href":"https:\/\/ampere2025.fr\/es\/wp-json\/wp\/v2\/types\/page"}],"author":[{"embeddable":true,"href":"https:\/\/ampere2025.fr\/es\/wp-json\/wp\/v2\/users\/1"}],"replies":[{"embeddable":true,"href":"https:\/\/ampere2025.fr\/es\/wp-json\/wp\/v2\/comments?post=2039"}],"version-history":[{"count":0,"href":"https:\/\/ampere2025.fr\/es\/wp-json\/wp\/v2\/pages\/2039\/revisions"}],"wp:attachment":[{"href":"https:\/\/ampere2025.fr\/es\/wp-json\/wp\/v2\/media?parent=2039"}],"curies":[{"name":"wp","href":"https:\/\/api.w.org\/{rel}","templated":true}]}}